{"id":3292,"date":"2024-01-11T13:52:16","date_gmt":"2024-01-11T12:52:16","guid":{"rendered":"https:\/\/synthesar.com\/productes\/resines\/hs-anlagentechnik-gmbh\/"},"modified":"2024-03-11T10:05:36","modified_gmt":"2024-03-11T09:05:36","slug":"hs-anlagentechnik-gmbh","status":"publish","type":"page","link":"https:\/\/synthesar.com\/ca\/productes\/resines\/hs-anlagentechnik-gmbh\/","title":{"rendered":"H&#038;S Anlagentechnik GmbH"},"content":{"rendered":"<div class=\"wpb-content-wrapper\"><p>[vc_row css=&#8221;.vc_custom_1704721969199{padding-top: 50px !important;padding-bottom: 50px !important;}&#8221;][vc_column][vc_column_text css=&#8221;.vc_custom_1704977562919{margin-top: 0px !important;margin-right: 0px !important;margin-bottom: 0px !important;margin-left: 0px !important;}&#8221;]<\/p>\n<h2 style=\"text-align: center;\"><strong>Procesado de poliuretano<\/strong><\/h2>\n<p>[\/vc_column_text][vc_column_text css=&#8221;.vc_custom_1704977604225{margin-top: 30px !important;}&#8221;]<\/p>\n<p style=\"text-align: justify;\"><b>H&amp;S Anlagentechnik<\/b>\u00a0desarrolla equipos y tecnolog\u00edas de proceso para el almacenamiento, mezclado y formulaci\u00f3n eficiente, flexible, fiable y ecol\u00f3gica de poliuretanos :<\/p>\n<ul style=\"text-align: justify;\">\n<li>Los\u00a0<b>Tanques de Almacenamiento<\/b>\u00a0garantizan la conservaci\u00f3n de las materias primas en condiciones estables y controladas, permiten realizar compras eficientes y evitan costes innecesarios causados por vol\u00famenes residuales y su eliminaci\u00f3n.<\/li>\n<li>Las unidades de\u00a0<b>mezcla<\/b>,\u00a0<b>dosificaci\u00f3n<\/b>\u00a0y\u00a0<b>formulaci\u00f3n<\/b>\u00a0permiten que nuestros clientes se independicen de las fluctuaciones del mercado de materias primas, aumentando as\u00ed la flexibilidad de la producci\u00f3n. Adem\u00e1s, los circuitos cerrados minimizan el riesgo para las personas y la naturaleza.<\/li>\n<li>Los\u00a0<b>Reactores para prepol\u00edmeros<\/b>\u00a0permiten la formulaci\u00f3n y fabricaci\u00f3n de productos con altas viscosidades y a altas temperaturas.<\/li>\n<\/ul>\n<p style=\"text-align: justify;\"><b>H&amp;S Anlagentechnik<\/b>\u00a0dise\u00f1a y construye equipos y reactores para la fabricaci\u00f3n de polioles a partir de residuos de poliuretano y PET :<\/p>\n<ul>\n<li style=\"text-align: justify;\">Esta nueva tecnolog\u00eda para el\u00a0<b>reciclado<\/b>\u00a0de poliuretanos (ya sean espumas flexibles o r\u00edgidas) y residuos de PET permite una \u00a0importante reducci\u00f3n en los costes de materias primas de nuestros clientes.<\/li>\n<li style=\"text-align: justify;\">As\u00ed, protegen el medio ambiente y permiten un desarrollo y producci\u00f3n sostenibles.<\/li>\n<li style=\"list-style-type: none;\">\n<ul>\n<li style=\"list-style-type: none;\"><\/li>\n<\/ul>\n<\/li>\n<\/ul>\n<p>[\/vc_column_text][vc_row_inner][vc_column_inner width=&#8221;1\/4&#8243;][\/vc_column_inner][vc_column_inner width=&#8221;1\/2&#8243;][vc_btn title=&#8221;Volver a resinas&#8221; style=&#8221;outline-custom&#8221; outline_custom_color=&#8221;#106eaa&#8221; outline_custom_hover_background=&#8221;#000000&#8243; outline_custom_hover_text=&#8221;#ffffff&#8221; align=&#8221;center&#8221; link=&#8221;url:https%3A%2F%2Fsynthesar.com%2Fproductos%2Fresinas%2F|title:Calidad%2FREACh&#8221;][\/vc_column_inner][vc_column_inner width=&#8221;1\/4&#8243;][\/vc_column_inner][\/vc_row_inner][\/vc_column][\/vc_row][vc_row full_width=&#8221;stretch_row&#8221; type=&#8221;grid&#8221; css=&#8221;.vc_custom_1704724709251{padding-top: 80px !important;padding-bottom: 70px !important;background-image: url(http:\/\/themes.webdevia.com\/factory\/wp-content\/uploads\/2016\/05\/table-bg.jpg?id=2305) !important;background-position: center !important;background-repeat: no-repeat !important;background-size: cover !important;}&#8221;][vc_column width=&#8221;2\/3&#8243;][vc_column_text css=&#8221;.vc_custom_1704724495078{margin-top: 0px !important;margin-right: 0px !important;margin-bottom: 0px !important;margin-left: 0px !important;}&#8221;]<\/p>\n<h2 style=\"text-align: left;\"><strong>Nuestra prioridad, la satisfacci\u00f3n del cliente<\/strong><\/h2>\n<p>[\/vc_column_text][vc_column_text css=&#8221;.vc_custom_1704724520710{margin-top: 30px !important;}&#8221;]<\/p>\n<p style=\"text-align: justify;\">Para cualquier tipo de pregunta o consulta puede contactar con nosotros:<\/p>\n<p>[\/vc_column_text][\/vc_column][vc_column width=&#8221;1\/3&#8243;][vc_btn title=&#8221;Contacta con nosotros&#8221; style=&#8221;outline-custom&#8221; outline_custom_color=&#8221;#ffffff&#8221; outline_custom_hover_background=&#8221;#1e73be&#8221; outline_custom_hover_text=&#8221;#ffffff&#8221; size=&#8221;lg&#8221; align=&#8221;center&#8221; link=&#8221;url:https%3A%2F%2Fsynthesar.com%2Fcontacto%2F|title:Calidad%2FREACh&#8221; css=&#8221;.vc_custom_1704724757408{padding-top: 20px !important;}&#8221;][\/vc_column][\/vc_row]<\/p>\n<\/div>","protected":false},"excerpt":{"rendered":"<p>[vc_row css=&#8221;.vc_custom_1704721969199{padding-top: 50px !important;padding-bottom: 50px !important;}&#8221;][vc_column][vc_column_text css=&#8221;.vc_custom_1704977562919{margin-top: 0px !important;margin-right: 0px !important;margin-bottom: 0px !important;margin-left: 0px !important;}&#8221;] Procesado de poliuretano [\/vc_column_text][vc_column_text css=&#8221;.vc_custom_1704977604225{margin-top: 30px !important;}&#8221;] H&amp;S Anlagentechnik\u00a0desarrolla equipos y tecnolog\u00edas de proceso para el almacenamiento, mezclado y formulaci\u00f3n eficiente, flexible, fiable y ecol\u00f3gica de poliuretanos : Los\u00a0Tanques de Almacenamiento\u00a0garantizan la conservaci\u00f3n de las materias primas en condiciones estables [&hellip;]<\/p>\n","protected":false},"author":1,"featured_media":0,"parent":3275,"menu_order":0,"comment_status":"closed","ping_status":"closed","template":"","meta":{"footnotes":""},"class_list":["post-3292","page","type-page","status-publish","hentry"],"aioseo_notices":[],"_links":{"self":[{"href":"https:\/\/synthesar.com\/ca\/wp-json\/wp\/v2\/pages\/3292","targetHints":{"allow":["GET"]}}],"collection":[{"href":"https:\/\/synthesar.com\/ca\/wp-json\/wp\/v2\/pages"}],"about":[{"href":"https:\/\/synthesar.com\/ca\/wp-json\/wp\/v2\/types\/page"}],"author":[{"embeddable":true,"href":"https:\/\/synthesar.com\/ca\/wp-json\/wp\/v2\/users\/1"}],"replies":[{"embeddable":true,"href":"https:\/\/synthesar.com\/ca\/wp-json\/wp\/v2\/comments?post=3292"}],"version-history":[{"count":1,"href":"https:\/\/synthesar.com\/ca\/wp-json\/wp\/v2\/pages\/3292\/revisions"}],"predecessor-version":[{"id":3293,"href":"https:\/\/synthesar.com\/ca\/wp-json\/wp\/v2\/pages\/3292\/revisions\/3293"}],"up":[{"embeddable":true,"href":"https:\/\/synthesar.com\/ca\/wp-json\/wp\/v2\/pages\/3275"}],"wp:attachment":[{"href":"https:\/\/synthesar.com\/ca\/wp-json\/wp\/v2\/media?parent=3292"}],"curies":[{"name":"wp","href":"https:\/\/api.w.org\/{rel}","templated":true}]}}