{"id":3277,"date":"2024-01-09T09:18:30","date_gmt":"2024-01-09T08:18:30","guid":{"rendered":"https:\/\/synthesar.com\/productes\/aditivos\/"},"modified":"2024-08-01T08:26:47","modified_gmt":"2024-08-01T06:26:47","slug":"additius","status":"publish","type":"page","link":"https:\/\/synthesar.com\/ca\/productes\/additius\/","title":{"rendered":"Additius"},"content":{"rendered":"<div class=\"wpb-content-wrapper\"><p>[vc_row][vc_column width=&#8221;1\/2&#8243; css=&#8221;.vc_custom_1705562405687{padding-right: 10px !important;}&#8221;][vc_column_text]<\/p>\n<h2><strong>Additius<\/strong><\/h2>\n<p>[\/vc_column_text][vc_column_text]<\/p>\n<div class=\"default-text-block\">\n<p style=\"text-align: justify;\">En\u00a0Synthesar\u00a0ens dediquem a la fabricaci\u00f3 d&#8217;additius d&#8217;avantguarda que milloren el rendiment i la qualitat en una \u00e0mplia gamma d&#8217;aplicacions industrials. Els nostres additius innovadors estan dissenyats per a complir amb els m\u00e9s alts est\u00e0ndards de la ind\u00fastria, oferint solucions efectives i de confian\u00e7a per als nostres clients.<\/p>\n<p style=\"text-align: justify;\">Oferim una diversa selecci\u00f3 d&#8217;additius especialitzats, des de millorants de viscositat fins a agents de dispersi\u00f3 i molt m\u00e9s. Les nostres formulacions estan desenvolupades per a optimitzar processos, millorar propietats espec\u00edfiques dels materials i complir amb els requisits m\u00e9s exigents de les teves aplicacions industrials.<\/p>\n<\/div>\n<p>[\/vc_column_text][\/vc_column][vc_column width=&#8221;1\/2&#8243; css=&#8221;.vc_custom_1705562417108{padding-left: 10px !important;}&#8221;][vc_single_image image=&#8221;2715&#8243; img_size=&#8221;850&#215;500&#8243; alignment=&#8221;center&#8221; css=&#8221;.vc_custom_1705562466707{margin-bottom: 30px !important;padding-top: 30px !important;}&#8221;][\/vc_column][\/vc_row][vc_row full_width=&#8221;stretch_row_content&#8221; css=&#8221;.vc_custom_1705562547988{margin-top: 30px !important;margin-bottom: 30px !important;}&#8221;][vc_column width=&#8221;5\/12&#8243; css=&#8221;.vc_custom_1705562594786{padding-top: 150px !important;padding-bottom: 150px !important;background-image: url(https:\/\/synthesar.com\/wp-content\/uploads\/2024\/01\/Synthesar_asientocoche.png?id=2914) !important;background-position: center !important;background-repeat: no-repeat !important;background-size: cover !important;}&#8221;][\/vc_column][vc_column width=&#8221;7\/12&#8243; css=&#8221;.vc_custom_1705562600282{padding-top: 40px !important;padding-left: 30px !important;}&#8221;][vc_column_text]<\/p>\n<h3><strong><span class=\"TextRun SCXW210746915 BCX0\" lang=\"ES-ES\" xml:lang=\"ES-ES\" data-contrast=\"none\"><span class=\"NormalTextRun SCXW210746915 BCX0\" data-ccp-parastyle=\"heading 1\">Especialitats RHEIN CHEMIE<\/span><\/span><span class=\"EOP SCXW210746915 BCX0\" data-ccp-props=\"{&quot;134245418&quot;:true,&quot;134245529&quot;:true,&quot;201341983&quot;:0,&quot;335559738&quot;:240,&quot;335559739&quot;:0,&quot;335559740&quot;:259}\">\u00a0<\/span><\/strong><\/h3>\n<p>[\/vc_column_text][vc_column_text]<\/p>\n<p style=\"text-align: justify;\" aria-level=\"2\"><strong>Centrats en el Progr\u00e9s<\/strong><\/p>\n<p style=\"text-align: justify;\"><span data-contrast=\"none\">Rhein Chemie Rheinau GmbH desenvolupa i fabrica additius per a poliuretans, pl\u00e0stics d&#8217;enginyeria i lubrificants d&#8217;altes prestacions:\u00a0<\/span><\/p>\n<ul style=\"text-align: justify;\">\n<li data-leveltext=\"\uf0a7\" data-font=\"Wingdings\" data-listid=\"1\" data-list-defn-props=\"{&quot;335552541&quot;:1,&quot;335559684&quot;:-2,&quot;335559685&quot;:2160,&quot;335559991&quot;:360,&quot;469769226&quot;:&quot;Wingdings&quot;,&quot;469769242&quot;:[9642],&quot;469777803&quot;:&quot;left&quot;,&quot;469777804&quot;:&quot;\uf0a7&quot;,&quot;469777815&quot;:&quot;hybridMultilevel&quot;}\" aria-setsize=\"-1\" data-aria-posinset=\"1\" data-aria-level=\"3\"><span data-contrast=\"none\">Per a Poliuretans i altres Pl\u00e0stics d&#8217;Enginyeria: ADDOCAT\u00ae, ADDOLINK\u00ae, ADDOVATE\u00ae, STABAXOL\u00ae.<\/span><span data-ccp-props=\"{&quot;134233117&quot;:false,&quot;134233118&quot;:false,&quot;201341983&quot;:0,&quot;335551550&quot;:1,&quot;335551620&quot;:1,&quot;335559738&quot;:0,&quot;335559739&quot;:0,&quot;335559740&quot;:259}\">\u00a0<\/span><\/li>\n<\/ul>\n<p style=\"text-align: justify;\">El seu soci global per a un m\u00f3n en moviment.<\/p>\n<p>[\/vc_column_text][\/vc_column][\/vc_row][vc_row css=&#8221;.vc_custom_1704888943357{padding-top: 30px !important;}&#8221;][vc_column][vc_column_text]<\/p>\n<h2 style=\"text-align: center;\"><strong>Descobreix la resta de productes<\/strong><\/h2>\n<p>[\/vc_column_text][\/vc_column][\/vc_row][vc_row gap=&#8221;30&#8243; css=&#8221;.vc_custom_1704787405361{margin-bottom: 50px !important;}&#8221;][vc_column width=&#8221;1\/3&#8243; css=&#8221;.vc_custom_1704888964516{padding-right: 10px !important;padding-left: 10px !important;}&#8221;]\r\n\r\n\r\n\r\n<section class=\"wd-image-text style-2\">\r\n  <div class=\" \" >\r\n         <img decoding=\"async\" src=\"https:\/\/synthesar.com\/wp-content\/uploads\/2024\/01\/Colorantes_pintura-botes-1024x683.png\" alt=\"icon\"\/>\r\n\t  <a href=https:\/\/synthesar.com\/ca\/productes\/colorants-vernissos\/>\t    <h4 class=\"wd-title-element\">Colorants i vernissos<\/h4>\r\n\t  <\/a>    <p>\r\n      Fabricaci\u00f3 d'una \u00e0mplia gamma de productes per a donar color i protecci\u00f3 a les teves creacions.    <\/p>\r\n  <\/div>\r\n<\/section>\r\n    [\/vc_column][vc_column width=&#8221;1\/3&#8243; css=&#8221;.vc_custom_1704888971395{padding-right: 10px !important;padding-left: 10px !important;}&#8221;]\r\n\r\n\r\n\r\n<section class=\"wd-image-text style-2\">\r\n  <div class=\" \" >\r\n         <img decoding=\"async\" src=\"https:\/\/synthesar.com\/wp-content\/uploads\/2024\/02\/Colorantes_resinas2-1024x683.png\" alt=\"icon\"\/>\r\n\t  <a href=https:\/\/synthesar.com\/ca\/productes\/resines\/>\t    <h4 class=\"wd-title-element\">Resines<\/h4>\r\n\t  <\/a>    <p>\r\n      Fabricaci\u00f3 de resines d'alta qualitat que compleixen amb els est\u00e0ndards m\u00e9s exigents de la ind\u00fastria.    <\/p>\r\n  <\/div>\r\n<\/section>\r\n    [\/vc_column][vc_column width=&#8221;1\/3&#8243; css=&#8221;.vc_custom_1704888978259{padding-right: 10px !important;padding-left: 10px !important;}&#8221;]\r\n\r\n\r\n\r\n<section class=\"wd-image-text style-2\">\r\n  <div class=\" \" >\r\n         <img decoding=\"async\" src=\"https:\/\/synthesar.com\/wp-content\/uploads\/2014\/08\/Synthesar_volante-1024x683.jpg\" alt=\"icon\"\/>\r\n\t  <a href=https:\/\/synthesar.com\/productos\/desmoldeantes\/>\t    <h4 class=\"wd-title-element\">Desemmotllants<\/h4>\r\n\t  <\/a>    <p>\r\n      L\u00edders en la fabricaci\u00f3 de desemmotllants d'alta qualitat per a una \u00e0mplia gamma d'ind\u00fastries.    <\/p>\r\n  <\/div>\r\n<\/section>\r\n    [\/vc_column][\/vc_row]<\/p>\n<\/div>","protected":false},"excerpt":{"rendered":"<p>[vc_row][vc_column width=&#8221;1\/2&#8243; css=&#8221;.vc_custom_1705562405687{padding-right: 10px !important;}&#8221;][vc_column_text] Additius [\/vc_column_text][vc_column_text] En\u00a0Synthesar\u00a0ens dediquem a la fabricaci\u00f3 d&#8217;additius d&#8217;avantguarda que milloren el rendiment i la qualitat en una \u00e0mplia gamma d&#8217;aplicacions industrials. Els nostres additius innovadors estan dissenyats per a complir amb els m\u00e9s alts est\u00e0ndards de la ind\u00fastria, oferint solucions efectives i de confian\u00e7a per als nostres clients. Oferim [&hellip;]<\/p>\n","protected":false},"author":1,"featured_media":0,"parent":3262,"menu_order":0,"comment_status":"closed","ping_status":"closed","template":"","meta":{"footnotes":""},"class_list":["post-3277","page","type-page","status-publish","hentry"],"aioseo_notices":[],"_links":{"self":[{"href":"https:\/\/synthesar.com\/ca\/wp-json\/wp\/v2\/pages\/3277","targetHints":{"allow":["GET"]}}],"collection":[{"href":"https:\/\/synthesar.com\/ca\/wp-json\/wp\/v2\/pages"}],"about":[{"href":"https:\/\/synthesar.com\/ca\/wp-json\/wp\/v2\/types\/page"}],"author":[{"embeddable":true,"href":"https:\/\/synthesar.com\/ca\/wp-json\/wp\/v2\/users\/1"}],"replies":[{"embeddable":true,"href":"https:\/\/synthesar.com\/ca\/wp-json\/wp\/v2\/comments?post=3277"}],"version-history":[{"count":4,"href":"https:\/\/synthesar.com\/ca\/wp-json\/wp\/v2\/pages\/3277\/revisions"}],"predecessor-version":[{"id":3357,"href":"https:\/\/synthesar.com\/ca\/wp-json\/wp\/v2\/pages\/3277\/revisions\/3357"}],"up":[{"embeddable":true,"href":"https:\/\/synthesar.com\/ca\/wp-json\/wp\/v2\/pages\/3262"}],"wp:attachment":[{"href":"https:\/\/synthesar.com\/ca\/wp-json\/wp\/v2\/media?parent=3277"}],"curies":[{"name":"wp","href":"https:\/\/api.w.org\/{rel}","templated":true}]}}