{"id":3275,"date":"2024-01-09T09:15:00","date_gmt":"2024-01-09T08:15:00","guid":{"rendered":"https:\/\/synthesar.com\/productes\/resinas\/"},"modified":"2024-07-30T11:29:04","modified_gmt":"2024-07-30T09:29:04","slug":"resines","status":"publish","type":"page","link":"https:\/\/synthesar.com\/ca\/productes\/resines\/","title":{"rendered":"Resines"},"content":{"rendered":"<div class=\"wpb-content-wrapper\"><p>[vc_row][vc_column][vc_column_text]<\/p>\n<h2>El seu l\u00edder en elast\u00f2mers de poliadici\u00f3<\/h2>\n<p>[\/vc_column_text][\/vc_column][\/vc_row][vc_row][vc_column width=&#8221;1\/2&#8243; css=&#8221;.vc_custom_1705507886913{padding-right: 10px !important;}&#8221;][vc_column_text]<\/p>\n<div class=\"default-text-block\">\n<p style=\"text-align: justify;\">En\u00a0Synthesar\u00a0ens dediquem a la fabricaci\u00f3 de resines d&#8217;alta qualitat que compleixen amb els est\u00e0ndards m\u00e9s exigents de la ind\u00fastria. La nostra \u00e0mplia gamma de resines est\u00e0 dissenyada per a satisfer les necessitats de diverses aplicacions industrials, oferint solucions innovadores i de confian\u00e7a per als nostres clients.<\/p>\n<p style=\"text-align: justify;\">Oferim una varietat de resines especialitzades dissenyades per a aplicacions espec\u00edfiques. Des de resines epoxi fins a poli\u00e8sters i poliuretans, les nostres formulacions estan acuradament desenvolupades per a proporcionar propietats mec\u00e0niques excepcionals, resist\u00e8ncia qu\u00edmica i durabilitat en una \u00e0mplia gamma d&#8217;entorns industrials.<\/p>\n<p style=\"text-align: justify;\">En\u00a0Synthesar\u00a0la innovaci\u00f3 \u00e9s part del nostre ADN. Constantment estem investigant i desenvolupant noves f\u00f3rmules per a millorar les propietats de les nostres resines, adaptant-nos a les necessitats canviants de la ind\u00fastria. El nostre comprom\u00eds amb la qualitat es reflecteix en cada etapa del nostre proc\u00e9s de fabricaci\u00f3, assegurant la consist\u00e8ncia i fiabilitat dels nostres productes.<\/p>\n<\/div>\n<p>[\/vc_column_text][\/vc_column][vc_column width=&#8221;1\/2&#8243; css=&#8221;.vc_custom_1705507949158{padding-left: 10px !important;}&#8221;][vc_single_image image=&#8221;3033&#8243; img_size=&#8221;850&#215;550&#8243; alignment=&#8221;center&#8221; css=&#8221;.vc_custom_1706786770283{margin-bottom: 30px !important;}&#8221;][\/vc_column][\/vc_row][vc_row][vc_column width=&#8221;5\/12&#8243; css=&#8221;.vc_custom_1705508214004{margin-top: 40px !important;}&#8221;][vc_single_image image=&#8221;2910&#8243; img_size=&#8221;850&#215;450&#8243;][\/vc_column][vc_column width=&#8221;7\/12&#8243; css=&#8221;.vc_custom_1463411390237{padding-left: 30px !important;}&#8221;][vc_column_text css=&#8221;.vc_custom_1722330698330{margin-top: 30px !important;}&#8221;]<\/p>\n<h3><strong>Elast\u00f2mers de Silicones Zhermack<\/strong><\/h3>\n<p>[\/vc_column_text][vc_column_text]<\/p>\n<p style=\"text-align: justify;\">Zhermack\u00a0Spa desenvolupa i fabrica cautx\u00fas de silicona de\u00a0poliadici\u00f3n\u00a0de dos components i\u00a0vulcanizables\u00a0a temperatura ambient (RTV) ideals per a la fabricaci\u00f3 de motlles i matrius flexibles d&#8217;alta precisi\u00f3.<\/p>\n<p>Descobreix <a href=\"https:\/\/synthesar.com\/productos\/resinas\/globalchimica-resinas\/\">Globalchimica<\/a>, experts en elast\u00f2mers de silicones.<\/p>\n<p>Descobreix <a href=\"https:\/\/synthesar.com\/productos\/resinas\/sumitomo\/\">Sumitomo Bakelite Europe N.V,<\/a> experts en resines fen\u00f2liques.<\/p>\n<p>Descobreix <a href=\"https:\/\/synthesar.com\/productos\/resinas\/synthene\/\">Synthene<\/a>, experts en poliuretans especials.<\/p>\n<p>Descobreix <a href=\"https:\/\/synthesar.com\/productos\/resinas\/hs-anlagentechnik-gmbh\/\">H&amp;S Anlagentechnik GmbH<\/a>, experts en processament de poliuret\u00e0.<\/p>\n<p style=\"text-align: justify;\">M\u00e9s enll\u00e0 de la innovaci\u00f3.<\/p>\n<p>[\/vc_column_text][\/vc_column][\/vc_row][vc_row css=&#8221;.vc_custom_1704888847028{padding-top: 30px !important;}&#8221;][vc_column][vc_column_text]<\/p>\n<h2 style=\"text-align: center;\"><strong>Descobreix la resta de productes<\/strong><\/h2>\n<p>[\/vc_column_text][\/vc_column][\/vc_row][vc_row gap=&#8221;30&#8243; css=&#8221;.vc_custom_1704788135960{margin-top: 30px !important;margin-bottom: 50px !important;}&#8221;][vc_column width=&#8221;1\/3&#8243; css=&#8221;.vc_custom_1704888864637{padding-right: 10px !important;padding-left: 10px !important;}&#8221;]\r\n\r\n\r\n\r\n<section class=\"wd-image-text style-2\">\r\n  <div class=\" \" >\r\n         <img decoding=\"async\" src=\"https:\/\/synthesar.com\/wp-content\/uploads\/2024\/01\/Colorantes_pintura-botes-1024x683.png\" alt=\"icon\"\/>\r\n\t  <a href=https:\/\/synthesar.com\/ca\/productes\/colorants-vernissos\/>\t    <h4 class=\"wd-title-element\"> Colorants i vernissos<\/h4>\r\n\t  <\/a>    <p>\r\n      Fabricaci\u00f3 d'una \u00e0mplia gamma de productes per a donar color i protecci\u00f3 a les teves creacions.    <\/p>\r\n  <\/div>\r\n<\/section>\r\n    [\/vc_column][vc_column width=&#8221;1\/3&#8243; css=&#8221;.vc_custom_1704888870789{padding-right: 10px !important;padding-left: 10px !important;}&#8221;]\r\n\r\n\r\n\r\n<section class=\"wd-image-text style-2\">\r\n  <div class=\" \" >\r\n         <img decoding=\"async\" src=\"https:\/\/synthesar.com\/wp-content\/uploads\/2014\/08\/Synthesar_volante-1024x683.jpg\" alt=\"icon\"\/>\r\n\t  <a href=https:\/\/synthesar.com\/ca\/productes\/desemmotllants\/>\t    <h4 class=\"wd-title-element\"> Desemmotllants<\/h4>\r\n\t  <\/a>    <p>\r\n      L\u00edders en la fabricaci\u00f3 de desemmotllants d'alta qualitat per a una \u00e0mplia gamma d'ind\u00fastries.    <\/p>\r\n  <\/div>\r\n<\/section>\r\n    [\/vc_column][vc_column width=&#8221;1\/3&#8243; css=&#8221;.vc_custom_1704888878013{padding-right: 10px !important;padding-left: 10px !important;}&#8221;]\r\n\r\n\r\n\r\n<section class=\"wd-image-text style-2\">\r\n  <div class=\" \" >\r\n         <img decoding=\"async\" src=\"https:\/\/synthesar.com\/wp-content\/uploads\/2024\/01\/Synthesar_rueda-coche2-1024x683.png\" alt=\"icon\"\/>\r\n\t  <a href=https:\/\/synthesar.com\/ca\/productes\/additius\/>\t    <h4 class=\"wd-title-element\"> Additius<\/h4>\r\n\t  <\/a>    <p>\r\n      Additius d'avantguarda que milloren el rendiment i la qualitat en una \u00e0mplia gamma d'aplicacions.    <\/p>\r\n  <\/div>\r\n<\/section>\r\n    [\/vc_column][\/vc_row]<\/p>\n<\/div>","protected":false},"excerpt":{"rendered":"<p>[vc_row][vc_column][vc_column_text] El seu l\u00edder en elast\u00f2mers de poliadici\u00f3 [\/vc_column_text][\/vc_column][\/vc_row][vc_row][vc_column width=&#8221;1\/2&#8243; css=&#8221;.vc_custom_1705507886913{padding-right: 10px !important;}&#8221;][vc_column_text] En\u00a0Synthesar\u00a0ens dediquem a la fabricaci\u00f3 de resines d&#8217;alta qualitat que compleixen amb els est\u00e0ndards m\u00e9s exigents de la ind\u00fastria. La nostra \u00e0mplia gamma de resines est\u00e0 dissenyada per a satisfer les necessitats de diverses aplicacions industrials, oferint solucions innovadores i de confian\u00e7a [&hellip;]<\/p>\n","protected":false},"author":1,"featured_media":0,"parent":3262,"menu_order":0,"comment_status":"closed","ping_status":"closed","template":"","meta":{"footnotes":""},"class_list":["post-3275","page","type-page","status-publish","hentry"],"aioseo_notices":[],"_links":{"self":[{"href":"https:\/\/synthesar.com\/ca\/wp-json\/wp\/v2\/pages\/3275","targetHints":{"allow":["GET"]}}],"collection":[{"href":"https:\/\/synthesar.com\/ca\/wp-json\/wp\/v2\/pages"}],"about":[{"href":"https:\/\/synthesar.com\/ca\/wp-json\/wp\/v2\/types\/page"}],"author":[{"embeddable":true,"href":"https:\/\/synthesar.com\/ca\/wp-json\/wp\/v2\/users\/1"}],"replies":[{"embeddable":true,"href":"https:\/\/synthesar.com\/ca\/wp-json\/wp\/v2\/comments?post=3275"}],"version-history":[{"count":3,"href":"https:\/\/synthesar.com\/ca\/wp-json\/wp\/v2\/pages\/3275\/revisions"}],"predecessor-version":[{"id":3354,"href":"https:\/\/synthesar.com\/ca\/wp-json\/wp\/v2\/pages\/3275\/revisions\/3354"}],"up":[{"embeddable":true,"href":"https:\/\/synthesar.com\/ca\/wp-json\/wp\/v2\/pages\/3262"}],"wp:attachment":[{"href":"https:\/\/synthesar.com\/ca\/wp-json\/wp\/v2\/media?parent=3275"}],"curies":[{"name":"wp","href":"https:\/\/api.w.org\/{rel}","templated":true}]}}