{"id":3273,"date":"2024-01-09T09:07:45","date_gmt":"2024-01-09T08:07:45","guid":{"rendered":"https:\/\/synthesar.com\/productes\/colorantes-barnices\/"},"modified":"2024-07-30T11:09:47","modified_gmt":"2024-07-30T09:09:47","slug":"colorants-vernissos","status":"publish","type":"page","link":"https:\/\/synthesar.com\/ca\/productes\/colorants-vernissos\/","title":{"rendered":"Colorants i vernissos"},"content":{"rendered":"<div class=\"wpb-content-wrapper\"><p>[vc_row][vc_column][vc_column_text]<\/p>\n<h2><strong>Pintures, vernissos i tintes<\/strong><\/h2>\n<p>[\/vc_column_text][\/vc_column][\/vc_row][vc_row][vc_column width=&#8221;1\/2&#8243; css=&#8221;.vc_custom_1705506088623{padding-right: 10px !important;}&#8221;][vc_column_text]<\/p>\n<div class=\"default-text-block\">\n<p style=\"text-align: justify;\">En\u00a0Synthesar\u00a0ens especialitzem en la fabricaci\u00f3 d&#8217;una \u00e0mplia gamma de productes per a donar color i protecci\u00f3 a les teves creacions. Els nostres colorants l\u00edquids, esmalts, laques i vernissos s\u00f3n creats amb la m\u00e9s alta qualitat i precisi\u00f3 per a satisfer les necessitats de diverses ind\u00fastries.<\/p>\n<p style=\"text-align: justify;\">Oferim una varietat de colorants l\u00edquids vibrants, formulats per a proporcionar tonalitats intenses i duradores en una \u00e0mplia gamma d&#8217;aplicacions. A m\u00e9s, els nostres esmalts, laques i vernissos estan dissenyats per a oferir protecci\u00f3, resist\u00e8ncia i un acabat excepcional en superf\u00edcies diverses.<\/p>\n<p style=\"text-align: justify;\">La qualitat \u00e9s la nostra prioritat. Cada producte que fabriquem passa per rigorosos controls de qualitat per a garantir la seva consist\u00e8ncia i rendiment excepcional. A m\u00e9s, estem compromesos amb la innovaci\u00f3 cont\u00ednua, desenvolupant noves f\u00f3rmules que compleixen amb els est\u00e0ndards m\u00e9s exigents de la ind\u00fastria.<\/p>\n<\/div>\n<p>[\/vc_column_text][\/vc_column][vc_column width=&#8221;1\/2&#8243; css=&#8221;.vc_custom_1705506177125{padding-left: 20px !important;}&#8221;][vc_single_image image=&#8221;2711&#8243; img_size=&#8221;850&#215;500&#8243; alignment=&#8221;center&#8221; css=&#8221;.vc_custom_1705506064967{margin-bottom: 30px !important;}&#8221;][\/vc_column][\/vc_row][vc_row css=&#8221;.vc_custom_1705506898368{margin-top: 50px !important;}&#8221;][vc_column css=&#8221;.vc_custom_1705506981549{margin-bottom: 30px !important;}&#8221;][vc_column_text css=&#8221;.vc_custom_1722329404021{margin-bottom: 60px !important;}&#8221;]<\/p>\n<h2 style=\"text-align: center;\">En\u00a0Synthesar\u00a0disposem d&#8217;un ampli cat\u00e0leg<\/h2>\n<p>[\/vc_column_text][vc_row_inner css=&#8221;.vc_custom_1705506565605{padding-right: 10px !important;padding-left: 10px !important;}&#8221;][vc_column_inner width=&#8221;1\/3&#8243; css=&#8221;.vc_custom_1705506689052{padding-right: 20px !important;padding-left: 10px !important;}&#8221;][vc_column_text]<\/p>\n<p style=\"text-align: justify;\"><b><span data-contrast=\"none\">Colorants L\u00edquids:<\/span><\/b><span data-ccp-props=\"{&quot;134233117&quot;:false,&quot;134233118&quot;:false,&quot;201341983&quot;:0,&quot;335551550&quot;:1,&quot;335551620&quot;:1,&quot;335559738&quot;:0,&quot;335559739&quot;:0,&quot;335559740&quot;:259}\">\u00a0<\/span><\/p>\n<ul style=\"text-align: justify;\">\n<li data-leveltext=\"\uf0a7\" data-font=\"Wingdings\" data-listid=\"1\" data-list-defn-props=\"{&quot;335552541&quot;:1,&quot;335559684&quot;:-2,&quot;335559685&quot;:2160,&quot;335559991&quot;:360,&quot;469769226&quot;:&quot;Wingdings&quot;,&quot;469769242&quot;:[9642],&quot;469777803&quot;:&quot;left&quot;,&quot;469777804&quot;:&quot;\uf0a7&quot;,&quot;469777815&quot;:&quot;hybridMultilevel&quot;}\" aria-setsize=\"-1\" data-aria-posinset=\"1\" data-aria-level=\"3\">Pastes colorants\u00a0ACOSIL\u00ae\u00a0per a sistemes pintures i vernissos basi aigua.<\/li>\n<li data-leveltext=\"\uf0a7\" data-font=\"Wingdings\" data-listid=\"1\" data-list-defn-props=\"{&quot;335552541&quot;:1,&quot;335559684&quot;:-2,&quot;335559685&quot;:2160,&quot;335559991&quot;:360,&quot;469769226&quot;:&quot;Wingdings&quot;,&quot;469769242&quot;:[9642],&quot;469777803&quot;:&quot;left&quot;,&quot;469777804&quot;:&quot;\uf0a7&quot;,&quot;469777815&quot;:&quot;hybridMultilevel&quot;}\" aria-setsize=\"-1\" data-aria-posinset=\"2\" data-aria-level=\"3\">Pastes colorants\u00a0ORGASIL\u00ae\u00a0per a pintures i vernissos basi solvents.<\/li>\n<li data-leveltext=\"\uf0a7\" data-font=\"Wingdings\" data-listid=\"1\" data-list-defn-props=\"{&quot;335552541&quot;:1,&quot;335559684&quot;:-2,&quot;335559685&quot;:2160,&quot;335559991&quot;:360,&quot;469769226&quot;:&quot;Wingdings&quot;,&quot;469769242&quot;:[9642],&quot;469777803&quot;:&quot;left&quot;,&quot;469777804&quot;:&quot;\uf0a7&quot;,&quot;469777815&quot;:&quot;hybridMultilevel&quot;}\" aria-setsize=\"-1\" data-aria-posinset=\"3\" data-aria-level=\"3\">Pastes colorants\u00a0ORGAPOX\u00ae\u00a0per a sistemes epoxi.<\/li>\n<li data-leveltext=\"\uf0a7\" data-font=\"Wingdings\" data-listid=\"1\" data-list-defn-props=\"{&quot;335552541&quot;:1,&quot;335559684&quot;:-2,&quot;335559685&quot;:2160,&quot;335559991&quot;:360,&quot;469769226&quot;:&quot;Wingdings&quot;,&quot;469769242&quot;:[9642],&quot;469777803&quot;:&quot;left&quot;,&quot;469777804&quot;:&quot;\uf0a7&quot;,&quot;469777815&quot;:&quot;hybridMultilevel&quot;}\" aria-setsize=\"-1\" data-aria-posinset=\"4\" data-aria-level=\"3\">Pastes\u00a0COLPUR\u00a0i\u00a0PLF\u00ae\u00a0per a\u00a0plastisoles\u00a0i sistemes de poliuret\u00e0.<\/li>\n<li data-leveltext=\"\uf0a7\" data-font=\"Wingdings\" data-listid=\"1\" data-list-defn-props=\"{&quot;335552541&quot;:1,&quot;335559684&quot;:-2,&quot;335559685&quot;:2160,&quot;335559991&quot;:360,&quot;469769226&quot;:&quot;Wingdings&quot;,&quot;469769242&quot;:[9642],&quot;469777803&quot;:&quot;left&quot;,&quot;469777804&quot;:&quot;\uf0a7&quot;,&quot;469777815&quot;:&quot;hybridMultilevel&quot;}\" aria-setsize=\"-1\" data-aria-posinset=\"4\" data-aria-level=\"3\">Colors segons cartes\u00a0RAL,\u00a0NCS,\u00a0Pantone\u00a0sota demanda.<\/li>\n<\/ul>\n<p style=\"text-align: justify;\"><b><span data-contrast=\"none\">Esmalts:<\/span><\/b><span data-ccp-props=\"{&quot;134233117&quot;:false,&quot;134233118&quot;:false,&quot;201341983&quot;:0,&quot;335551550&quot;:1,&quot;335551620&quot;:1,&quot;335559738&quot;:0,&quot;335559739&quot;:0,&quot;335559740&quot;:259}\">\u00a0<\/span><\/p>\n<ul style=\"text-align: justify;\">\n<li data-leveltext=\"\uf0a7\" data-font=\"Wingdings\" data-listid=\"1\" data-list-defn-props=\"{&quot;335552541&quot;:1,&quot;335559684&quot;:-2,&quot;335559685&quot;:2160,&quot;335559991&quot;:360,&quot;469769226&quot;:&quot;Wingdings&quot;,&quot;469769242&quot;:[9642],&quot;469777803&quot;:&quot;left&quot;,&quot;469777804&quot;:&quot;\uf0a7&quot;,&quot;469777815&quot;:&quot;hybridMultilevel&quot;}\" aria-setsize=\"-1\" data-aria-posinset=\"6\" data-aria-level=\"3\">E. S\/A Base solvent d&#8217;assecat a l&#8217;aire<\/li>\n<li data-leveltext=\"\uf0a7\" data-font=\"Wingdings\" data-listid=\"1\" data-list-defn-props=\"{&quot;335552541&quot;:1,&quot;335559684&quot;:-2,&quot;335559685&quot;:2160,&quot;335559991&quot;:360,&quot;469769226&quot;:&quot;Wingdings&quot;,&quot;469769242&quot;:[9642],&quot;469777803&quot;:&quot;left&quot;,&quot;469777804&quot;:&quot;\uf0a7&quot;,&quot;469777815&quot;:&quot;hybridMultilevel&quot;}\" aria-setsize=\"-1\" data-aria-posinset=\"7\" data-aria-level=\"3\">E. S\/H Base aquosa i solvent per a assecat al forn<\/li>\n<\/ul>\n<p style=\"text-align: justify;\"><b><span data-contrast=\"none\">Laques i Vernissos: <\/span><\/b><span data-ccp-props=\"{&quot;134233117&quot;:false,&quot;134233118&quot;:false,&quot;201341983&quot;:0,&quot;335551550&quot;:1,&quot;335551620&quot;:1,&quot;335559738&quot;:0,&quot;335559739&quot;:0,&quot;335559740&quot;:259}\">\u00a0<\/span><\/p>\n<ul style=\"text-align: justify;\">\n<li data-leveltext=\"\uf0a7\" data-font=\"Wingdings\" data-listid=\"1\" data-list-defn-props=\"{&quot;335552541&quot;:1,&quot;335559684&quot;:-2,&quot;335559685&quot;:2160,&quot;335559991&quot;:360,&quot;469769226&quot;:&quot;Wingdings&quot;,&quot;469769242&quot;:[9642],&quot;469777803&quot;:&quot;left&quot;,&quot;469777804&quot;:&quot;\uf0a7&quot;,&quot;469777815&quot;:&quot;hybridMultilevel&quot;}\" aria-setsize=\"-1\" data-aria-posinset=\"8\" data-aria-level=\"3\">Recobriments i laques per a serigrafia i offset.<\/li>\n<li data-leveltext=\"\uf0a7\" data-font=\"Wingdings\" data-listid=\"1\" data-list-defn-props=\"{&quot;335552541&quot;:1,&quot;335559684&quot;:-2,&quot;335559685&quot;:2160,&quot;335559991&quot;:360,&quot;469769226&quot;:&quot;Wingdings&quot;,&quot;469769242&quot;:[9642],&quot;469777803&quot;:&quot;left&quot;,&quot;469777804&quot;:&quot;\uf0a7&quot;,&quot;469777815&quot;:&quot;hybridMultilevel&quot;}\" aria-setsize=\"-1\" data-aria-posinset=\"9\" data-aria-level=\"3\">Vernissos curat UV.<br \/>\n<span data-ccp-props=\"{&quot;134233117&quot;:false,&quot;134233118&quot;:false,&quot;201341983&quot;:0,&quot;335551550&quot;:1,&quot;335551620&quot;:1,&quot;335559738&quot;:0,&quot;335559739&quot;:0,&quot;335559740&quot;:259}\">\u00a0<\/span><\/li>\n<\/ul>\n<p style=\"text-align: justify;\"><b><span data-contrast=\"none\">Emprimacions:<\/span><\/b><span data-ccp-props=\"{&quot;134233117&quot;:false,&quot;134233118&quot;:false,&quot;201341983&quot;:0,&quot;335551550&quot;:1,&quot;335551620&quot;:1,&quot;335559738&quot;:0,&quot;335559739&quot;:0,&quot;335559740&quot;:259}\">\u00a0<\/span><\/p>\n<ul>\n<li style=\"text-align: justify;\" data-leveltext=\"\uf0a7\" data-font=\"Wingdings\" data-listid=\"1\" data-list-defn-props=\"{&quot;335552541&quot;:1,&quot;335559684&quot;:-2,&quot;335559685&quot;:2160,&quot;335559991&quot;:360,&quot;469769226&quot;:&quot;Wingdings&quot;,&quot;469769242&quot;:[9642],&quot;469777803&quot;:&quot;left&quot;,&quot;469777804&quot;:&quot;\uf0a7&quot;,&quot;469777815&quot;:&quot;hybridMultilevel&quot;}\" aria-setsize=\"-1\" data-aria-posinset=\"10\" data-aria-level=\"3\"><span data-contrast=\"none\"> Promotors d&#8217;adhesi\u00f3. Emprimadores. <\/span><span data-ccp-props=\"{&quot;134233117&quot;:false,&quot;134233118&quot;:false,&quot;201341983&quot;:0,&quot;335551550&quot;:1,&quot;335551620&quot;:1,&quot;335559738&quot;:0,&quot;335559739&quot;:0,&quot;335559740&quot;:259}\">\u00a0<\/span><\/li>\n<li style=\"text-align: justify;\" data-leveltext=\"\uf0a7\" data-font=\"Wingdings\" data-listid=\"1\" data-list-defn-props=\"{&quot;335552541&quot;:1,&quot;335559684&quot;:-2,&quot;335559685&quot;:2160,&quot;335559991&quot;:360,&quot;469769226&quot;:&quot;Wingdings&quot;,&quot;469769242&quot;:[9642],&quot;469777803&quot;:&quot;left&quot;,&quot;469777804&quot;:&quot;\uf0a7&quot;,&quot;469777815&quot;:&quot;hybridMultilevel&quot;}\" aria-setsize=\"-1\" data-aria-posinset=\"11\" data-aria-level=\"3\"><span data-contrast=\"none\"> Tractaments de superf\u00edcies.<\/span><\/li>\n<\/ul>\n<p>[\/vc_column_text][\/vc_column_inner][vc_column_inner width=&#8221;1\/3&#8243; css=&#8221;.vc_custom_1705506695420{padding-right: 20px !important;padding-left: 20px !important;}&#8221;][vc_column_text]<b><span data-contrast=\"none\">Diluients:<\/span><\/b><span data-ccp-props=\"{&quot;134233117&quot;:false,&quot;134233118&quot;:false,&quot;201341983&quot;:0,&quot;335551550&quot;:1,&quot;335551620&quot;:1,&quot;335559738&quot;:0,&quot;335559739&quot;:0,&quot;335559740&quot;:259}\">\u00a0<\/span><\/p>\n<ul>\n<li data-leveltext=\"\uf0a7\" data-font=\"Wingdings\" data-listid=\"1\" data-list-defn-props=\"{&quot;335552541&quot;:1,&quot;335559684&quot;:-2,&quot;335559685&quot;:2160,&quot;335559991&quot;:360,&quot;469769226&quot;:&quot;Wingdings&quot;,&quot;469769242&quot;:[9642],&quot;469777803&quot;:&quot;left&quot;,&quot;469777804&quot;:&quot;\uf0a7&quot;,&quot;469777815&quot;:&quot;hybridMultilevel&quot;}\" aria-setsize=\"-1\" data-aria-posinset=\"12\" data-aria-level=\"3\">Dissolucions especials per a\u00a0NC\u00a0i Epoxi.<\/li>\n<\/ul>\n<p><b><span data-contrast=\"none\">Tintes:<\/span><\/b><span data-ccp-props=\"{&quot;134233117&quot;:false,&quot;134233118&quot;:false,&quot;201341983&quot;:0,&quot;335551550&quot;:1,&quot;335551620&quot;:1,&quot;335559738&quot;:0,&quot;335559739&quot;:0,&quot;335559740&quot;:259}\">\u00a0<\/span><\/p>\n<ul>\n<li data-leveltext=\"\uf0a7\" data-font=\"Wingdings\" data-listid=\"1\" data-list-defn-props=\"{&quot;335552541&quot;:1,&quot;335559684&quot;:-2,&quot;335559685&quot;:2160,&quot;335559991&quot;:360,&quot;469769226&quot;:&quot;Wingdings&quot;,&quot;469769242&quot;:[9642],&quot;469777803&quot;:&quot;left&quot;,&quot;469777804&quot;:&quot;\uf0a7&quot;,&quot;469777815&quot;:&quot;hybridMultilevel&quot;}\" aria-setsize=\"-1\" data-aria-posinset=\"1\" data-aria-level=\"3\">Base Solvent d&#8217;assecat a l&#8217;aire<\/li>\n<\/ul>\n<p><b><span data-contrast=\"none\">Resines Fen\u00f2liques:<\/span><\/b><span data-ccp-props=\"{&quot;134233117&quot;:false,&quot;134233118&quot;:false,&quot;201341983&quot;:0,&quot;335551550&quot;:1,&quot;335551620&quot;:1,&quot;335559738&quot;:0,&quot;335559739&quot;:0,&quot;335559740&quot;:259}\">\u00a0<\/span><\/p>\n<ul>\n<li data-leveltext=\"\uf0a7\" data-font=\"Wingdings\" data-listid=\"1\" data-list-defn-props=\"{&quot;335552541&quot;:1,&quot;335559684&quot;:-2,&quot;335559685&quot;:2160,&quot;335559991&quot;:360,&quot;469769226&quot;:&quot;Wingdings&quot;,&quot;469769242&quot;:[9642],&quot;469777803&quot;:&quot;left&quot;,&quot;469777804&quot;:&quot;\uf0a7&quot;,&quot;469777815&quot;:&quot;hybridMultilevel&quot;}\" aria-setsize=\"-1\" data-aria-posinset=\"2\" data-aria-level=\"3\"><span data-ccp-props=\"{&quot;134233117&quot;:false,&quot;134233118&quot;:false,&quot;201341983&quot;:0,&quot;335551550&quot;:1,&quot;335551620&quot;:1,&quot;335559738&quot;:0,&quot;335559739&quot;:0,&quot;335559740&quot;:259}\">Resines\u00a0DUREZ\u00ae,\u00a0METHYLON\u00ae\u00a0i\u00a0VARCUM\u00ae\u00a0per a\u00a0metalgraf\u00eda\u00a0i acabats per a contacte alimentari.\u00a0Coil\u00a0i ca\u00a0coating.\u00a0 <\/span><\/li>\n<li data-leveltext=\"\uf0a7\" data-font=\"Wingdings\" data-listid=\"1\" data-list-defn-props=\"{&quot;335552541&quot;:1,&quot;335559684&quot;:-2,&quot;335559685&quot;:2160,&quot;335559991&quot;:360,&quot;469769226&quot;:&quot;Wingdings&quot;,&quot;469769242&quot;:[9642],&quot;469777803&quot;:&quot;left&quot;,&quot;469777804&quot;:&quot;\uf0a7&quot;,&quot;469777815&quot;:&quot;hybridMultilevel&quot;}\" aria-setsize=\"-1\" data-aria-posinset=\"3\" data-aria-level=\"3\">Excel\u00b7lent resist\u00e8ncia qu\u00edmica, bona flexibilitat i propietats d&#8217;adhesi\u00f3 a metalls.<\/li>\n<li data-leveltext=\"\uf0a7\" data-font=\"Wingdings\" data-listid=\"1\" data-list-defn-props=\"{&quot;335552541&quot;:1,&quot;335559684&quot;:-2,&quot;335559685&quot;:2160,&quot;335559991&quot;:360,&quot;469769226&quot;:&quot;Wingdings&quot;,&quot;469769242&quot;:[9642],&quot;469777803&quot;:&quot;left&quot;,&quot;469777804&quot;:&quot;\uf0a7&quot;,&quot;469777815&quot;:&quot;hybridMultilevel&quot;}\" aria-setsize=\"-1\" data-aria-posinset=\"3\" data-aria-level=\"3\">Resines colorants per a acabats daurats.<\/li>\n<li data-leveltext=\"\uf0a7\" data-font=\"Wingdings\" data-listid=\"1\" data-list-defn-props=\"{&quot;335552541&quot;:1,&quot;335559684&quot;:-2,&quot;335559685&quot;:2160,&quot;335559991&quot;:360,&quot;469769226&quot;:&quot;Wingdings&quot;,&quot;469769242&quot;:[9642],&quot;469777803&quot;:&quot;left&quot;,&quot;469777804&quot;:&quot;\uf0a7&quot;,&quot;469777815&quot;:&quot;hybridMultilevel&quot;}\" aria-setsize=\"-1\" data-aria-posinset=\"5\" data-aria-level=\"3\">Compleixen les normatives\u00a0FDA, EC10\/2011, AP(2004)1 per a contacte amb aliments.<\/li>\n<\/ul>\n<p><b><span data-contrast=\"none\">Catalitzadors:<\/span><\/b><span data-ccp-props=\"{&quot;134233117&quot;:false,&quot;134233118&quot;:false,&quot;201341983&quot;:0,&quot;335551550&quot;:1,&quot;335551620&quot;:1,&quot;335559738&quot;:0,&quot;335559739&quot;:0,&quot;335559740&quot;:259}\">\u00a0<\/span><\/p>\n<ul>\n<li data-leveltext=\"\uf0a7\" data-font=\"Wingdings\" data-listid=\"1\" data-list-defn-props=\"{&quot;335552541&quot;:1,&quot;335559684&quot;:-2,&quot;335559685&quot;:2160,&quot;335559991&quot;:360,&quot;469769226&quot;:&quot;Wingdings&quot;,&quot;469769242&quot;:[9642],&quot;469777803&quot;:&quot;left&quot;,&quot;469777804&quot;:&quot;\uf0a7&quot;,&quot;469777815&quot;:&quot;hybridMultilevel&quot;}\" aria-setsize=\"-1\" data-aria-posinset=\"6\" data-aria-level=\"3\">ADDOCAT\u00ae\u00a0(Amines catalitzadores i surts d&#8217;estany per a formular pintures i laques de poliuret\u00e0.<\/li>\n<li data-leveltext=\"\uf0a7\" data-font=\"Wingdings\" data-listid=\"1\" data-list-defn-props=\"{&quot;335552541&quot;:1,&quot;335559684&quot;:-2,&quot;335559685&quot;:2160,&quot;335559991&quot;:360,&quot;469769226&quot;:&quot;Wingdings&quot;,&quot;469769242&quot;:[9642],&quot;469777803&quot;:&quot;left&quot;,&quot;469777804&quot;:&quot;\uf0a7&quot;,&quot;469777815&quot;:&quot;hybridMultilevel&quot;}\" aria-setsize=\"-1\" data-aria-posinset=\"7\" data-aria-level=\"3\">Baixes emissions en compostos vol\u00e0tils\u00a0VOC.<\/li>\n<\/ul>\n<p>[\/vc_column_text][\/vc_column_inner][vc_column_inner width=&#8221;1\/3&#8243; css=&#8221;.vc_custom_1705506699939{padding-right: 10px !important;padding-left: 20px !important;}&#8221;][vc_column_text]<strong>Serveis de M\u00e0quina:\u00a0<\/strong><\/p>\n<ul>\n<li data-leveltext=\"\uf0a7\" data-font=\"Wingdings\" data-listid=\"1\" data-list-defn-props=\"{&quot;335552541&quot;:1,&quot;335559684&quot;:-2,&quot;335559685&quot;:2160,&quot;335559991&quot;:360,&quot;469769226&quot;:&quot;Wingdings&quot;,&quot;469769242&quot;:[9642],&quot;469777803&quot;:&quot;left&quot;,&quot;469777804&quot;:&quot;\uf0a7&quot;,&quot;469777815&quot;:&quot;hybridMultilevel&quot;}\" aria-setsize=\"-1\" data-aria-posinset=\"12\" data-aria-level=\"3\">Productes intermedis, laques, pintures, esmalts i altres productes.<\/li>\n<\/ul>\n<p><strong>Agents antihidr\u00f2lisis:\u00a0<\/strong><\/p>\n<ul>\n<li data-leveltext=\"\uf0a7\" data-font=\"Wingdings\" data-listid=\"1\" data-list-defn-props=\"{&quot;335552541&quot;:1,&quot;335559684&quot;:-2,&quot;335559685&quot;:2160,&quot;335559991&quot;:360,&quot;469769226&quot;:&quot;Wingdings&quot;,&quot;469769242&quot;:[9642],&quot;469777803&quot;:&quot;left&quot;,&quot;469777804&quot;:&quot;\uf0a7&quot;,&quot;469777815&quot;:&quot;hybridMultilevel&quot;}\" aria-setsize=\"-1\" data-aria-posinset=\"8\" data-aria-level=\"3\">STABAXOL\u00ae\u00a0(Protecci\u00f3 contra la hidr\u00f2lisi i additius anti-envelliment per a sistemes de poli\u00e8ster.<\/li>\n<\/ul>\n<p><b><span data-contrast=\"none\">Dispersants:<\/span><\/b><span data-ccp-props=\"{&quot;134233117&quot;:false,&quot;134233118&quot;:false,&quot;201341983&quot;:0,&quot;335551550&quot;:1,&quot;335551620&quot;:1,&quot;335559738&quot;:0,&quot;335559739&quot;:0,&quot;335559740&quot;:259}\">\u00a0<\/span><\/p>\n<ul>\n<li data-leveltext=\"\uf0a7\" data-font=\"Wingdings\" data-listid=\"1\" data-list-defn-props=\"{&quot;335552541&quot;:1,&quot;335559684&quot;:-2,&quot;335559685&quot;:2160,&quot;335559991&quot;:360,&quot;469769226&quot;:&quot;Wingdings&quot;,&quot;469769242&quot;:[9642],&quot;469777803&quot;:&quot;left&quot;,&quot;469777804&quot;:&quot;\uf0a7&quot;,&quot;469777815&quot;:&quot;hybridMultilevel&quot;}\" aria-setsize=\"-1\" data-aria-posinset=\"9\" data-aria-level=\"3\">ADDOVATE\u00ae\u00a0(emulsificantes\u00a0ionicos\u00a0i no-ionicos\u00a0per a sistemes basi aquosa)<\/li>\n<\/ul>\n<p><b><span data-contrast=\"none\">Equips:<\/span><\/b><span data-ccp-props=\"{&quot;134233117&quot;:false,&quot;134233118&quot;:false,&quot;201341983&quot;:0,&quot;335551550&quot;:1,&quot;335551620&quot;:1,&quot;335559738&quot;:0,&quot;335559739&quot;:0,&quot;335559740&quot;:259}\">\u00a0<\/span><\/p>\n<ul>\n<li style=\"list-style-type: none;\">\n<ul>\n<li data-leveltext=\"\uf0a7\" data-font=\"Wingdings\" data-listid=\"1\" data-list-defn-props=\"{&quot;335552541&quot;:1,&quot;335559684&quot;:-2,&quot;335559685&quot;:2160,&quot;335559991&quot;:360,&quot;469769226&quot;:&quot;Wingdings&quot;,&quot;469769242&quot;:[9642],&quot;469777803&quot;:&quot;left&quot;,&quot;469777804&quot;:&quot;\uf0a7&quot;,&quot;469777815&quot;:&quot;hybridMultilevel&quot;}\" aria-setsize=\"-1\" data-aria-posinset=\"10\" data-aria-level=\"3\">Unitats de dosatge per a la formulaci\u00f3 de poliuretans.<\/li>\n<li data-leveltext=\"\uf0a7\" data-font=\"Wingdings\" data-listid=\"1\" data-list-defn-props=\"{&quot;335552541&quot;:1,&quot;335559684&quot;:-2,&quot;335559685&quot;:2160,&quot;335559991&quot;:360,&quot;469769226&quot;:&quot;Wingdings&quot;,&quot;469769242&quot;:[9642],&quot;469777803&quot;:&quot;left&quot;,&quot;469777804&quot;:&quot;\uf0a7&quot;,&quot;469777815&quot;:&quot;hybridMultilevel&quot;}\" aria-setsize=\"-1\" data-aria-posinset=\"11\" data-aria-level=\"3\">Dissenys compactes i modulars per a unitats d&#8217;emmagatzematge de\u00a0polioles\u00a0i isocianats.<\/li>\n<\/ul>\n<\/li>\n<\/ul>\n<p>Descobreix <a href=\"https:\/\/synthesar.com\/productos\/colorantes-barnices\/isl-chemie-gmbh\/\">iSL-Chemie GmbH Co<\/a>, expert en colors per a pl\u00e0stics i pintures. .[\/vc_column_text][\/vc_column_inner][\/vc_row_inner][\/vc_column][\/vc_row][vc_row css=&#8221;.vc_custom_1704888787215{padding-top: 30px !important;}&#8221;][vc_column][vc_column_text css=&#8221;.vc_custom_1722329824772{margin-bottom: 40px !important;}&#8221;]<\/p>\n<h2 style=\"text-align: center;\">Descobreix la resta de productes<\/h2>\n<p>[\/vc_column_text][\/vc_column][\/vc_row][vc_row gap=&#8221;30&#8243; css=&#8221;.vc_custom_1704787405361{margin-bottom: 50px !important;}&#8221;][vc_column width=&#8221;1\/3&#8243; css=&#8221;.vc_custom_1704888749731{padding-right: 10px !important;padding-left: 10px !important;}&#8221;]\r\n\r\n\r\n\r\n<section class=\"wd-image-text style-2\">\r\n  <div class=\" \" >\r\n         <img decoding=\"async\" src=\"https:\/\/synthesar.com\/wp-content\/uploads\/2014\/08\/Synthesar_volante-1024x683.jpg\" alt=\"icon\"\/>\r\n\t  <a href=https:\/\/synthesar.com\/ca\/productes\/desemmotllants\/>\t    <h4 class=\"wd-title-element\"> Desemmotllants<\/h4>\r\n\t  <\/a>    <p>\r\n      L\u00edders en la fabricaci\u00f3 de desemmotllants d'alta qualitat per a una \u00e0mplia gamma d'ind\u00fastries    <\/p>\r\n  <\/div>\r\n<\/section>\r\n    [\/vc_column][vc_column width=&#8221;1\/3&#8243; css=&#8221;.vc_custom_1704888766332{padding-right: 10px !important;padding-left: 10px !important;}&#8221;]\r\n\r\n\r\n\r\n<section class=\"wd-image-text style-2\">\r\n  <div class=\" \" >\r\n         <img decoding=\"async\" src=\"https:\/\/synthesar.com\/wp-content\/uploads\/2024\/02\/Colorantes_resinas2-1024x683.png\" alt=\"icon\"\/>\r\n\t  <a href=https:\/\/synthesar.com\/ca\/productes\/resines\/>\t    <h4 class=\"wd-title-element\">Resines<\/h4>\r\n\t  <\/a>    <p>\r\n      Fabricaci\u00f3 de resines d'alta qualitat que compleixen amb els est\u00e0ndards m\u00e9s exigents de la ind\u00fastria    <\/p>\r\n  <\/div>\r\n<\/section>\r\n    [\/vc_column][vc_column width=&#8221;1\/3&#8243; css=&#8221;.vc_custom_1704888774605{padding-right: 10px !important;padding-left: 10px !important;}&#8221;]\r\n\r\n\r\n\r\n<section class=\"wd-image-text style-2\">\r\n  <div class=\" \" >\r\n         <img decoding=\"async\" src=\"https:\/\/synthesar.com\/wp-content\/uploads\/2024\/01\/Synthesar_rueda-coche2-1024x683.png\" alt=\"icon\"\/>\r\n\t  <a href=https:\/\/synthesar.com\/ca\/productes\/additius\/>\t    <h4 class=\"wd-title-element\">Additius<\/h4>\r\n\t  <\/a>    <p>\r\n      Additius d'avantguarda que milloren el rendiment i la qualitat en una \u00e0mplia gamma d'aplicacions.    <\/p>\r\n  <\/div>\r\n<\/section>\r\n    [\/vc_column][\/vc_row]<\/p>\n<\/div>","protected":false},"excerpt":{"rendered":"<p>[vc_row][vc_column][vc_column_text] Pintures, vernissos i tintes [\/vc_column_text][\/vc_column][\/vc_row][vc_row][vc_column width=&#8221;1\/2&#8243; css=&#8221;.vc_custom_1705506088623{padding-right: 10px !important;}&#8221;][vc_column_text] En\u00a0Synthesar\u00a0ens especialitzem en la fabricaci\u00f3 d&#8217;una \u00e0mplia gamma de productes per a donar color i protecci\u00f3 a les teves creacions. Els nostres colorants l\u00edquids, esmalts, laques i vernissos s\u00f3n creats amb la m\u00e9s alta qualitat i precisi\u00f3 per a satisfer les necessitats de diverses ind\u00fastries. [&hellip;]<\/p>\n","protected":false},"author":1,"featured_media":0,"parent":3262,"menu_order":0,"comment_status":"closed","ping_status":"closed","template":"","meta":{"footnotes":""},"class_list":["post-3273","page","type-page","status-publish","hentry"],"aioseo_notices":[],"_links":{"self":[{"href":"https:\/\/synthesar.com\/ca\/wp-json\/wp\/v2\/pages\/3273","targetHints":{"allow":["GET"]}}],"collection":[{"href":"https:\/\/synthesar.com\/ca\/wp-json\/wp\/v2\/pages"}],"about":[{"href":"https:\/\/synthesar.com\/ca\/wp-json\/wp\/v2\/types\/page"}],"author":[{"embeddable":true,"href":"https:\/\/synthesar.com\/ca\/wp-json\/wp\/v2\/users\/1"}],"replies":[{"embeddable":true,"href":"https:\/\/synthesar.com\/ca\/wp-json\/wp\/v2\/comments?post=3273"}],"version-history":[{"count":3,"href":"https:\/\/synthesar.com\/ca\/wp-json\/wp\/v2\/pages\/3273\/revisions"}],"predecessor-version":[{"id":3352,"href":"https:\/\/synthesar.com\/ca\/wp-json\/wp\/v2\/pages\/3273\/revisions\/3352"}],"up":[{"embeddable":true,"href":"https:\/\/synthesar.com\/ca\/wp-json\/wp\/v2\/pages\/3262"}],"wp:attachment":[{"href":"https:\/\/synthesar.com\/ca\/wp-json\/wp\/v2\/media?parent=3273"}],"curies":[{"name":"wp","href":"https:\/\/api.w.org\/{rel}","templated":true}]}}