{"id":3270,"date":"2024-01-09T08:53:37","date_gmt":"2024-01-09T07:53:37","guid":{"rendered":"https:\/\/synthesar.com\/productes\/desmoldeantes\/"},"modified":"2024-07-30T10:48:11","modified_gmt":"2024-07-30T08:48:11","slug":"desemmotllants","status":"publish","type":"page","link":"https:\/\/synthesar.com\/ca\/productes\/desemmotllants\/","title":{"rendered":"Desemmotllants"},"content":{"rendered":"<div class=\"wpb-content-wrapper\"><p>[vc_row gap=&#8221;25&#8243; css=&#8221;.vc_custom_1705505093851{margin-bottom: 50px !important;}&#8221;][vc_column width=&#8221;1\/2&#8243; css=&#8221;.vc_custom_1705505072123{padding-right: 10px !important;}&#8221;][vc_column_text]<\/p>\n<h2><strong>Desemmotllants<\/strong><\/h2>\n<p>[\/vc_column_text][vc_column_text]<\/p>\n<div class=\"default-text-block\">\n<p style=\"text-align: justify;\">En\u00a0Synthesar\u00a0som l\u00edders en la fabricaci\u00f3 de desemmotllants d&#8217;alta qualitat per a una \u00e0mplia gamma d&#8217;ind\u00fastries. Oferim una l\u00ednia diversa de desemmotllants especialitzats dissenyats per a adaptar-se a diferents materials i processos industrials. Desemmotllants pensats per a millorar l&#8217;efici\u00e8ncia i qualitat de les l\u00ednies de producci\u00f3.<\/p>\n<p style=\"text-align: justify;\">En\u00a0Synthesar\u00a0la qualitat \u00e9s la nostra prioritat principal. Cadascun dels nostres desemmotllants es formula acuradament amb ingredients de primera qualitat i se sotmet a rigorosos controls de qualitat per a assegurar un rendiment de confian\u00e7a i consistent.<\/p>\n<\/div>\n<p>[\/vc_column_text][\/vc_column][vc_column width=&#8221;1\/2&#8243; css=&#8221;.vc_custom_1705505025308{padding-top: 30px !important;}&#8221;][vc_single_image image=&#8221;2706&#8243; img_size=&#8221;850&#215;500&#8243; alignment=&#8221;center&#8221; css=&#8221;.vc_custom_1710144362514{margin-bottom: 30px !important;padding-left: 20px !important;}&#8221;][\/vc_column][\/vc_row][vc_row][vc_column width=&#8221;5\/12&#8243; css=&#8221;.vc_custom_1705569488520{padding-top: 40px !important;}&#8221;][vc_single_image image=&#8221;2883&#8243; img_size=&#8221;850&#215;600&#8243;][\/vc_column][vc_column width=&#8221;7\/12&#8243; css=&#8221;.vc_custom_1463411390237{padding-left: 30px !important;}&#8221;][vc_column_text]<\/p>\n<h3>Desemmotllant\u00a0ACMOS\u00a0facilita el treball<\/h3>\n<p>[\/vc_column_text][vc_column_text]<\/p>\n<p style=\"text-align: justify;\">ACMOS Chemie KG desenvolupa i fabrica agents desemmotllants per a totes les aplicacions industrials en les quals s&#8217;hagi d&#8217;evitar o reduir al m\u00ednim el contacte entre dos materials. Amb les marques registrades ACMOS\u00ae, ACMOSAL\u00ae, ACMOSAN\u00ae, ACMOSIL\u00ae, ACMOSIN\u00ae, ACMOSOL\u00ae i WAXILIT\u00ae produeix i subministra desemmotllants, lubrificants, productes anticorrosius, taladrines i laques resistents a altes temperatures per a m\u00faltiples sectors com:<\/p>\n<ul style=\"text-align: justify;\">\n<li data-leveltext=\"\uf0a7\" data-font=\"Wingdings\" data-listid=\"1\" data-list-defn-props=\"{&quot;335552541&quot;:1,&quot;335559684&quot;:-2,&quot;335559685&quot;:2160,&quot;335559991&quot;:360,&quot;469769226&quot;:&quot;Wingdings&quot;,&quot;469769242&quot;:[9642],&quot;469777803&quot;:&quot;left&quot;,&quot;469777804&quot;:&quot;\uf0a7&quot;,&quot;469777815&quot;:&quot;hybridMultilevel&quot;}\" aria-setsize=\"-1\" data-aria-posinset=\"6\" data-aria-level=\"3\">Poliuretans i altres resines reactives.<\/li>\n<li data-leveltext=\"\uf0a7\" data-font=\"Wingdings\" data-listid=\"1\" data-list-defn-props=\"{&quot;335552541&quot;:1,&quot;335559684&quot;:-2,&quot;335559685&quot;:2160,&quot;335559991&quot;:360,&quot;469769226&quot;:&quot;Wingdings&quot;,&quot;469769242&quot;:[9642],&quot;469777803&quot;:&quot;left&quot;,&quot;469777804&quot;:&quot;\uf0a7&quot;,&quot;469777815&quot;:&quot;hybridMultilevel&quot;}\" aria-setsize=\"-1\" data-aria-posinset=\"6\" data-aria-level=\"3\">Cautx\u00fa.<\/li>\n<li data-leveltext=\"\uf0a7\" data-font=\"Wingdings\" data-listid=\"1\" data-list-defn-props=\"{&quot;335552541&quot;:1,&quot;335559684&quot;:-2,&quot;335559685&quot;:2160,&quot;335559991&quot;:360,&quot;469769226&quot;:&quot;Wingdings&quot;,&quot;469769242&quot;:[9642],&quot;469777803&quot;:&quot;left&quot;,&quot;469777804&quot;:&quot;\uf0a7&quot;,&quot;469777815&quot;:&quot;hybridMultilevel&quot;}\" aria-setsize=\"-1\" data-aria-posinset=\"6\" data-aria-level=\"3\">Vidre.<\/li>\n<li data-leveltext=\"\uf0a7\" data-font=\"Wingdings\" data-listid=\"1\" data-list-defn-props=\"{&quot;335552541&quot;:1,&quot;335559684&quot;:-2,&quot;335559685&quot;:2160,&quot;335559991&quot;:360,&quot;469769226&quot;:&quot;Wingdings&quot;,&quot;469769242&quot;:[9642],&quot;469777803&quot;:&quot;left&quot;,&quot;469777804&quot;:&quot;\uf0a7&quot;,&quot;469777815&quot;:&quot;hybridMultilevel&quot;}\" aria-setsize=\"-1\" data-aria-posinset=\"6\" data-aria-level=\"3\">Termopl\u00e0stics.<\/li>\n<li data-leveltext=\"\uf0a7\" data-font=\"Wingdings\" data-listid=\"1\" data-list-defn-props=\"{&quot;335552541&quot;:1,&quot;335559684&quot;:-2,&quot;335559685&quot;:2160,&quot;335559991&quot;:360,&quot;469769226&quot;:&quot;Wingdings&quot;,&quot;469769242&quot;:[9642],&quot;469777803&quot;:&quot;left&quot;,&quot;469777804&quot;:&quot;\uf0a7&quot;,&quot;469777815&quot;:&quot;hybridMultilevel&quot;}\" aria-setsize=\"-1\" data-aria-posinset=\"6\" data-aria-level=\"3\">Fusta i aglomerats.<br \/>\n<span data-ccp-props=\"{&quot;134233117&quot;:false,&quot;134233118&quot;:false,&quot;201341983&quot;:0,&quot;335551550&quot;:1,&quot;335551620&quot;:1,&quot;335559738&quot;:0,&quot;335559739&quot;:0,&quot;335559740&quot;:259}\">\u00a0<\/span><\/li>\n<\/ul>\n<p style=\"text-align: justify;\">En harmonia amb la producci\u00f3 i el medi ambient.<\/p>\n<p>Descobreix els equips per a l&#8217;Aplicaci\u00f3 de <a href=\"https:\/\/synthesar.com\/productos\/desmoldeantes\/desmoldeantes-afred-schutze\/\">desemmotlants Afred Sch\u00fctze<\/a>.[\/vc_column_text][\/vc_column][\/vc_row][vc_row css=&#8221;.vc_custom_1704888665559{padding-top: 30px !important;}&#8221;][vc_column][vc_column_text]<\/p>\n<h2 style=\"text-align: center;\"><strong>Descobreix la resta de productes<\/strong><\/h2>\n<p>[\/vc_column_text][\/vc_column][\/vc_row][vc_row gap=&#8221;30&#8243; equalizer=&#8221;yes&#8221; css=&#8221;.vc_custom_1704888467829{margin-bottom: 50px !important;}&#8221;][vc_column width=&#8221;1\/3&#8243; css=&#8221;.vc_custom_1704888539437{padding-right: 10px !important;padding-left: 10px !important;}&#8221;]\r\n\r\n\r\n\r\n<section class=\"wd-image-text style-2\">\r\n  <div class=\" \" >\r\n         <img decoding=\"async\" src=\"https:\/\/synthesar.com\/wp-content\/uploads\/2024\/01\/Colorantes_pintura-botes-1024x683.png\" alt=\"icon\"\/>\r\n\t  <a href=https:\/\/synthesar.com\/ca\/productes\/colorants-vernissos\/>\t    <h4 class=\"wd-title-element\"> Colorants i vernissos<\/h4>\r\n\t  <\/a>    <p>\r\n      Fabricaci\u00f3 d'una \u00e0mplia gamma de productes per a donar color i protecci\u00f3 a les teves creacions    <\/p>\r\n  <\/div>\r\n<\/section>\r\n    [\/vc_column][vc_column width=&#8221;1\/3&#8243; css=&#8221;.vc_custom_1704888547740{padding-right: 10px !important;padding-left: 10px !important;}&#8221;]\r\n\r\n\r\n\r\n<section class=\"wd-image-text style-2\">\r\n  <div class=\" \" >\r\n         <img decoding=\"async\" src=\"https:\/\/synthesar.com\/wp-content\/uploads\/2024\/02\/Colorantes_resinas2-1024x683.png\" alt=\"icon\"\/>\r\n\t  <a href=https:\/\/synthesar.com\/ca\/productes\/resines\/>\t    <h4 class=\"wd-title-element\">Resines<\/h4>\r\n\t  <\/a>    <p>\r\n      Fabricaci\u00f3 de resines d'alta qualitat que compleixen amb els est\u00e0ndards m\u00e9s exigents de la ind\u00fastria.    <\/p>\r\n  <\/div>\r\n<\/section>\r\n    [\/vc_column][vc_column width=&#8221;1\/3&#8243; css=&#8221;.vc_custom_1704888560787{padding-right: 10px !important;padding-left: 10px !important;}&#8221;]\r\n\r\n\r\n\r\n<section class=\"wd-image-text style-2\">\r\n  <div class=\" \" >\r\n         <img decoding=\"async\" src=\"https:\/\/synthesar.com\/wp-content\/uploads\/2024\/01\/Synthesar_rueda-coche2-1024x683.png\" alt=\"icon\"\/>\r\n\t  <a href=https:\/\/synthesar.com\/ca\/productes\/additius\/>\t    <h4 class=\"wd-title-element\"> Additius<\/h4>\r\n\t  <\/a>    <p>\r\n      Additius d'avantguarda que milloren el rendiment i la qualitat en una \u00e0mplia gamma d'aplicacions    <\/p>\r\n  <\/div>\r\n<\/section>\r\n    [\/vc_column][\/vc_row]<\/p>\n<\/div>","protected":false},"excerpt":{"rendered":"<p>[vc_row gap=&#8221;25&#8243; css=&#8221;.vc_custom_1705505093851{margin-bottom: 50px !important;}&#8221;][vc_column width=&#8221;1\/2&#8243; css=&#8221;.vc_custom_1705505072123{padding-right: 10px !important;}&#8221;][vc_column_text] Desemmotllants [\/vc_column_text][vc_column_text] En\u00a0Synthesar\u00a0som l\u00edders en la fabricaci\u00f3 de desemmotllants d&#8217;alta qualitat per a una \u00e0mplia gamma d&#8217;ind\u00fastries. Oferim una l\u00ednia diversa de desemmotllants especialitzats dissenyats per a adaptar-se a diferents materials i processos industrials. Desemmotllants pensats per a millorar l&#8217;efici\u00e8ncia i qualitat de les l\u00ednies de [&hellip;]<\/p>\n","protected":false},"author":1,"featured_media":0,"parent":3262,"menu_order":0,"comment_status":"closed","ping_status":"closed","template":"","meta":{"footnotes":""},"class_list":["post-3270","page","type-page","status-publish","hentry"],"aioseo_notices":[],"_links":{"self":[{"href":"https:\/\/synthesar.com\/ca\/wp-json\/wp\/v2\/pages\/3270","targetHints":{"allow":["GET"]}}],"collection":[{"href":"https:\/\/synthesar.com\/ca\/wp-json\/wp\/v2\/pages"}],"about":[{"href":"https:\/\/synthesar.com\/ca\/wp-json\/wp\/v2\/types\/page"}],"author":[{"embeddable":true,"href":"https:\/\/synthesar.com\/ca\/wp-json\/wp\/v2\/users\/1"}],"replies":[{"embeddable":true,"href":"https:\/\/synthesar.com\/ca\/wp-json\/wp\/v2\/comments?post=3270"}],"version-history":[{"count":4,"href":"https:\/\/synthesar.com\/ca\/wp-json\/wp\/v2\/pages\/3270\/revisions"}],"predecessor-version":[{"id":3350,"href":"https:\/\/synthesar.com\/ca\/wp-json\/wp\/v2\/pages\/3270\/revisions\/3350"}],"up":[{"embeddable":true,"href":"https:\/\/synthesar.com\/ca\/wp-json\/wp\/v2\/pages\/3262"}],"wp:attachment":[{"href":"https:\/\/synthesar.com\/ca\/wp-json\/wp\/v2\/media?parent=3270"}],"curies":[{"name":"wp","href":"https:\/\/api.w.org\/{rel}","templated":true}]}}