{"id":3266,"date":"2024-01-08T12:56:27","date_gmt":"2024-01-08T11:56:27","guid":{"rendered":"https:\/\/synthesar.com\/calidad-reach\/"},"modified":"2024-08-01T09:43:16","modified_gmt":"2024-08-01T07:43:16","slug":"qualitat-reach","status":"publish","type":"page","link":"https:\/\/synthesar.com\/ca\/qualitat-reach\/","title":{"rendered":"Qualitat\/REACh"},"content":{"rendered":"<div class=\"wpb-content-wrapper\"><p>[vc_row][vc_column][vc_column_text]<\/p>\n<h2 class=\"animated\" style=\"text-align: center;\" data-animated=\"fadeInRight\"><strong>Pol\u00edtica de Qualitat &#8211; ISO 9001<\/strong><\/h2>\n<h3 class=\"animated\" style=\"text-align: center;\" data-animated=\"fadeInRight\">Sistema de Gesti\u00f3 de la Qualitat<\/h3>\n<p>&nbsp;<\/p>\n<p style=\"text-align: center;\">SYNTHESAR, S. a. ha implantat i mant\u00e9 un Sistema de Gesti\u00f3 de la Qualitat basat en els requisits de la norma UNE-EN-ISO 9001<\/p>\n<p>[\/vc_column_text][\/vc_column][\/vc_row][vc_row full_width=&#8221;stretch_row&#8221; gap=&#8221;20&#8243;][vc_column width=&#8221;1\/2&#8243;][vc_column_text css=&#8221;.vc_custom_1722497798187{margin-top: 30px !important;}&#8221;]<\/p>\n<p style=\"text-align: justify;\">Les activitats que\u00a0SYNTHESAR\u00a0, S. a. considera conformes a la qualitat exigida segons la norma internacional ISO 9001 s&#8217;exposen en la seg\u00fcent Pol\u00edtica de Qualitat:<\/p>\n<ul>\n<li style=\"text-align: justify;\">SYNTHESAR, S. a. es dedica al Disseny, Fabricaci\u00f3 i Comercialitzaci\u00f3 de Productes Qu\u00edmics Industrials.<\/li>\n<li style=\"text-align: justify;\">El comprom\u00eds de complir les exig\u00e8ncies, requisits i expectatives expl\u00edcites i impl\u00edcites dels nostres clients, aix\u00ed com els requisits legals i reglamentaris.<\/li>\n<li style=\"text-align: justify;\">Difondre a tots els nivells de la nostra estructura els objectius i criteris de Qualitat.<\/li>\n<li style=\"text-align: justify;\">Implantar els indicadors de Qualitat, aix\u00ed com realitzar un seguiment del nivell de progr\u00e9s d&#8217;aquests, de manera que ens permeti con\u00e8ixer i assegurar el producte i el nivell de qualitat desitjat pel nostre client.<\/li>\n<li style=\"text-align: justify;\">Vetllar perqu\u00e8 les condicions de treball siguin \u00f2ptimes mitjan\u00e7ant l&#8217;avaluaci\u00f3 dels riscos que poden produir-se en els processos, eliminant en la mesura del possible els mateixos i reduint els avaluats.<\/li>\n<li style=\"text-align: justify;\">Desenvolupar els programes de formaci\u00f3 cont\u00ednua per a millorar la qualificaci\u00f3 dels nostres treballadors, implicant aix\u00ed a tot el personal en la consecuci\u00f3 dels objectius de qualitat.<\/li>\n<li style=\"text-align: justify;\">Consolidar el proc\u00e9s de millora cont\u00ednua en l&#8217;acompliment de totes les activitats realitzades en l&#8217;Empresa.<\/li>\n<li style=\"text-align: justify;\">Fomentar i aconseguir un ambient motivador en tots els membres de l&#8217;empresa.<\/li>\n<\/ul>\n<p>[\/vc_column_text][\/vc_column][vc_column width=&#8221;1\/2&#8243;][vc_single_image image=&#8221;2839&#8243; img_size=&#8221;full&#8221; css=&#8221;.vc_custom_1705502612001{padding-top: 50px !important;padding-left: 40px !important;}&#8221;][\/vc_column][\/vc_row][vc_row css=&#8221;.vc_custom_1463994430217{margin-bottom: 30px !important;}&#8221; type=&#8221;grid&#8221;][vc_column css=&#8221;.vc_custom_1462381095114{padding-right: 10px !important;padding-left: 10px !important;}&#8221;][vc_column_text]<\/p>\n<p style=\"text-align: justify;\">La Direcci\u00f3 fa aquesta pol\u00edtica accessible i la posa a la disposici\u00f3 dels seus clients, tots els seus empleats, prove\u00efdors i per al p\u00fablic en general.<\/p>\n<p>[\/vc_column_text][\/vc_column][\/vc_row][vc_row full_width=&#8221;stretch_row_content&#8221; gap=&#8221;20&#8243; css=&#8221;.vc_custom_1705502896330{margin-right: 100px !important;background-color: #eaeaea !important;background-position: center !important;background-repeat: no-repeat !important;background-size: cover !important;}&#8221;][vc_column width=&#8221;1\/2&#8243; css=&#8221;.vc_custom_1705502968838{padding-top: 220px !important;padding-bottom: 220px !important;background-image: url(https:\/\/synthesar.com\/wp-content\/uploads\/2024\/01\/Synthesar_bienestar.jpg?id=2842) !important;background-position: center !important;background-repeat: no-repeat !important;background-size: cover !important;}&#8221;][\/vc_column][vc_column width=&#8221;1\/2&#8243; css=&#8221;.vc_custom_1705502960665{padding-top: 80px !important;padding-right: 100px !important;padding-left: 50px !important;background-position: center !important;background-repeat: no-repeat !important;background-size: cover !important;}&#8221;][vc_column_text css=&#8221;.vc_custom_1722497826195{margin-top: 0px !important;margin-right: 0px !important;margin-bottom: 0px !important;margin-left: 0px !important;}&#8221;]<\/p>\n<h2><strong><span class=\"EOP SCXW182410298 BCX0\" data-ccp-props=\"{&quot;134245418&quot;:true,&quot;134245529&quot;:true,&quot;201341983&quot;:0,&quot;335559738&quot;:240,&quot;335559739&quot;:0,&quot;335559740&quot;:259}\">Medi Ambient i Seguretat<\/span><\/strong><\/h2>\n<p>[\/vc_column_text][vc_column_text css=&#8221;.vc_custom_1722497844372{margin-top: 30px !important;}&#8221;]<\/p>\n<p style=\"text-align: justify;\">La conservaci\u00f3 de la naturalesa per a la nostra generaci\u00f3 i per a les futures \u00e9s una cosa que en\u00a0Synthesar\u00a0tenim sempre present. Les nostres instal\u00b7lacions compleixen la normativa vigent sobre control i reducci\u00f3 de residus. La salut i la seguretat ambiental del nostre entorn, ve\u00efns i empleats \u00e9s la nostra responsabilitat, per aix\u00f2 col\u00b7laborem activament en la prevenci\u00f3 de possibles riscos ambientals.<\/p>\n<p style=\"text-align: justify;\">La salut i seguretat del nostre entorn \u00e9s la nostra responsabilitat.<\/p>\n<p>[\/vc_column_text][\/vc_column][\/vc_row][vc_row full_width=&#8221;stretch_row&#8221; gap=&#8221;20&#8243; css=&#8221;.vc_custom_1705503532175{padding-top: 70px !important;}&#8221;][vc_column width=&#8221;1\/2&#8243;][vc_column_text css=&#8221;.vc_custom_1722497858223{margin-top: 0px !important;margin-right: 0px !important;margin-bottom: 0px !important;margin-left: 0px !important;}&#8221;]<\/p>\n<h2><strong>Control de qualitat<\/strong><\/h2>\n<p>[\/vc_column_text][vc_column_text css=&#8221;.vc_custom_1722497877836{margin-top: 30px !important;}&#8221;]<\/p>\n<p style=\"text-align: justify;\">SYNTHESAR\u00a0est\u00e0 formada per personal altament qualificat (Llicenciats en ci\u00e8ncies qu\u00edmiques i experts en les seves \u00e0rees de coneixement) encarregats de realitzar el desenvolupament dels nous productes i la cont\u00ednua millora dels existents.\u00a0La innovaci\u00f3 \u00e9s l&#8217;\u00fanic cam\u00ed que entenem per a donar solucions concretes i eficaces a una societat en cont\u00ednua evoluci\u00f3.<\/p>\n<p style=\"text-align: justify;\">SYNTHESAR\u00a0s&#8217;ha dotat dels mitjans necessaris de control i an\u00e0lisi per a realitzar el complet seguiment i verificar l&#8217;efectiu compliment que els nostres productes compleixen amb escreix les necessitats i expectatives dels nostres clients.\u00a0Una millora cont\u00ednua en els processos oferint el millor nivell tecnol\u00f2gic.<\/p>\n<p>[\/vc_column_text][vc_btn title=&#8221;Certificat de qualitat&#8221; style=&#8221;outline-custom&#8221; outline_custom_color=&#8221;#106eaa&#8221; outline_custom_hover_background=&#8221;#000000&#8243; outline_custom_hover_text=&#8221;#ffffff&#8221; align=&#8221;left&#8221; link=&#8221;url:https%3A%2F%2Fsynthesar.com%2Fwp-content%2Fuploads%2F2014%2F08%2FISO-9001-2015-SYNTHESAR.pdf|target:_blank&#8221;][\/vc_column][vc_column width=&#8221;1\/2&#8243;][vc_single_image image=&#8221;2849&#8243; img_size=&#8221;full&#8221; alignment=&#8221;right&#8221; css=&#8221;.vc_custom_1705503245333{padding-top: 50px !important;padding-left: 40px !important;}&#8221;][\/vc_column][\/vc_row][vc_row css=&#8221;.vc_custom_1704786402583{margin-top: 60px !important;margin-bottom: 60px !important;}&#8221;][vc_column][vc_column_text css=&#8221;.vc_custom_1722497904564{margin-top: 0px !important;margin-right: 0px !important;margin-bottom: 0px !important;margin-left: 0px !important;}&#8221;]<\/p>\n<h2 class=\"animated\" style=\"text-align: center;\" data-animated=\"fadeInRight\"><strong>REACh &amp; CLP<\/strong><\/h2>\n<h3 class=\"animated\" style=\"text-align: center;\" data-animated=\"fadeInRight\">Legislaci\u00f3 europea sobre classificaci\u00f3 de subst\u00e0ncies i productes qu\u00edmics<\/h3>\n<p>[\/vc_column_text][vc_row_inner css=&#8221;.vc_custom_1704786268468{margin-top: 30px !important;}&#8221;][vc_column_inner width=&#8221;1\/2&#8243; css=&#8221;.vc_custom_1704786237967{padding-right: 50px !important;}&#8221;][vc_single_image image=&#8221;2852&#8243; img_size=&#8221;full&#8221; alignment=&#8221;center&#8221; css=&#8221;.vc_custom_1705503501238{margin-top: 20px !important;}&#8221;][\/vc_column_inner][vc_column_inner width=&#8221;1\/2&#8243;][vc_column_text]<\/p>\n<p style=\"text-align: justify;\">El reglament\u00a0REACh\u00a0(EC1907\/2006) \u00e9s la nova legislaci\u00f3 europea sobre la classificaci\u00f3 de les subst\u00e0ncies i productes qu\u00edmics.<\/p>\n<p>Com a distribu\u00efdors de productes qu\u00edmics i fabricadors de preparacions, l&#8217;impacte que la directiva europea\u00a0REACh\u00a0t\u00e9 en\u00a0SYNTHESAR, S. a. \u00e9s limitat.<\/p>\n<p>SYNTHESAR, S. a. ha rebut confirmaci\u00f3 dels seus prove\u00efdors que van realitzar el\u00a0pre-registre\u00a0de les subst\u00e0ncies contingudes en els seus productes, i que s&#8217;est\u00e0 procedint al seu registre, dins dels terminis indicats en el reglament\u00a0REACh, a fi de poder continuar subministrant els seus productes a la UE.<\/p>\n<p>En el sup\u00f2sit que alguns dels productes comercialitzats per\u00a0SYNTHESAR\u00a0S. a. continguin subst\u00e0ncies que no vagin a ser registrades i deixessin de comercialitzar-se, se&#8217;ls comunicaria als nostres clients amb suficient antelaci\u00f3 perqu\u00e8 poguessin prendre les accions que, dins de les quals contempla el\u00a0REACH, considerin oportunes.<\/p>\n<p>La reglamentaci\u00f3\u00a0CLP\u00a0(EC1272\/2008) \u00e9s la nova legislaci\u00f3 europea sobre la classificaci\u00f3, etiquetatge i envasament de les subst\u00e0ncies i productes qu\u00edmics.<\/p>\n<p>[\/vc_column_text][\/vc_column_inner][\/vc_row_inner][\/vc_column][\/vc_row][vc_row full_width=&#8221;stretch_row&#8221; css=&#8221;.vc_custom_1704888249976{padding-top: 80px !important;padding-bottom: 70px !important;background-image: url(https:\/\/synthesar.com\/wp-content\/uploads\/2016\/05\/table-bg.jpg?id=2305) !important;background-position: center !important;background-repeat: no-repeat !important;background-size: cover !important;}&#8221;][vc_column width=&#8221;2\/3&#8243;][vc_column_text]<\/p>\n<h2 style=\"text-align: left;\">La nostra prioritat, la satisfacci\u00f3 del client<\/h2>\n<p>[\/vc_column_text][vc_column_text]<\/p>\n<p style=\"text-align: left;\">Per a qualsevol tipus de pregunta o consulta pot contactar amb nosaltres:<\/p>\n<p>[\/vc_column_text][\/vc_column][vc_column width=&#8221;1\/3&#8243;][vc_btn title=&#8221;Contacta amb nosaltres&#8221; style=&#8221;outline-custom&#8221; outline_custom_color=&#8221;#ffffff&#8221; outline_custom_hover_background=&#8221;#1e73be&#8221; outline_custom_hover_text=&#8221;#ffffff&#8221; size=&#8221;lg&#8221; align=&#8221;center&#8221; link=&#8221;url:https%3A%2F%2Fsynthesar.com%2Fca%2Fcontacte%2F|title:Contacto&#8221; css=&#8221;.vc_custom_1722497970895{padding-top: 20px !important;}&#8221;][\/vc_column][\/vc_row]<\/p>\n<\/div>","protected":false},"excerpt":{"rendered":"<p>[vc_row][vc_column][vc_column_text] Pol\u00edtica de Qualitat &#8211; ISO 9001 Sistema de Gesti\u00f3 de la Qualitat &nbsp; SYNTHESAR, S. a. ha implantat i mant\u00e9 un Sistema de Gesti\u00f3 de la Qualitat basat en els requisits de la norma UNE-EN-ISO 9001 [\/vc_column_text][\/vc_column][\/vc_row][vc_row full_width=&#8221;stretch_row&#8221; gap=&#8221;20&#8243;][vc_column width=&#8221;1\/2&#8243;][vc_column_text css=&#8221;.vc_custom_1722497798187{margin-top: 30px !important;}&#8221;] Les activitats que\u00a0SYNTHESAR\u00a0, S. a. considera conformes a la qualitat exigida [&hellip;]<\/p>\n","protected":false},"author":1,"featured_media":0,"parent":0,"menu_order":0,"comment_status":"closed","ping_status":"closed","template":"","meta":{"footnotes":""},"class_list":["post-3266","page","type-page","status-publish","hentry"],"aioseo_notices":[],"_links":{"self":[{"href":"https:\/\/synthesar.com\/ca\/wp-json\/wp\/v2\/pages\/3266","targetHints":{"allow":["GET"]}}],"collection":[{"href":"https:\/\/synthesar.com\/ca\/wp-json\/wp\/v2\/pages"}],"about":[{"href":"https:\/\/synthesar.com\/ca\/wp-json\/wp\/v2\/types\/page"}],"author":[{"embeddable":true,"href":"https:\/\/synthesar.com\/ca\/wp-json\/wp\/v2\/users\/1"}],"replies":[{"embeddable":true,"href":"https:\/\/synthesar.com\/ca\/wp-json\/wp\/v2\/comments?post=3266"}],"version-history":[{"count":4,"href":"https:\/\/synthesar.com\/ca\/wp-json\/wp\/v2\/pages\/3266\/revisions"}],"predecessor-version":[{"id":3369,"href":"https:\/\/synthesar.com\/ca\/wp-json\/wp\/v2\/pages\/3266\/revisions\/3369"}],"wp:attachment":[{"href":"https:\/\/synthesar.com\/ca\/wp-json\/wp\/v2\/media?parent=3266"}],"curies":[{"name":"wp","href":"https:\/\/api.w.org\/{rel}","templated":true}]}}