{"id":3262,"date":"2024-01-08T12:55:29","date_gmt":"2024-01-08T11:55:29","guid":{"rendered":"https:\/\/synthesar.com\/productos\/"},"modified":"2024-07-30T11:28:58","modified_gmt":"2024-07-30T09:28:58","slug":"productes","status":"publish","type":"page","link":"https:\/\/synthesar.com\/ca\/productes\/","title":{"rendered":"Productes"},"content":{"rendered":"<div class=\"wpb-content-wrapper\"><p>[vc_row css=&#8221;.vc_custom_1704721969199{padding-top: 50px !important;padding-bottom: 50px !important;}&#8221;][vc_column][vc_column_text css=&#8221;.vc_custom_1722325545588{margin-top: 0px !important;margin-right: 0px !important;margin-bottom: 0px !important;margin-left: 0px !important;}&#8221;]<\/p>\n<h2 style=\"text-align: center;\"><strong>Descobreix els nostres productes<\/strong><\/h2>\n<p>[\/vc_column_text][vc_column_text css=&#8221;.vc_custom_1722325616432{margin-top: 30px !important;}&#8221;]<\/p>\n<p style=\"text-align: justify;\">En Synthesar comercialitzem i distribu\u00efm productes qu\u00edmics a Espanya, Portugal i altres pa\u00efsos. Prove\u00efm productes com ara <strong>desemmotllants, colorants per a poliuretans, vernissos UV, resines fen\u00f2liques<\/strong> entre altres. A m\u00e9s disposem de productes enfocats en els sectors del poliuret\u00e0 i cautx\u00fa, dirigits a les <strong>ind\u00fastries de l&#8217;autom\u00f2bil, construcci\u00f3, mobiliari i cal\u00e7at<\/strong> entre altres.<\/p>\n<p style=\"text-align: justify;\">En\u00a0Synthesar\u00a0tamb\u00e9 disposem d&#8217;una l\u00ednia de <strong>concentrats pigmentaris per a pintures, vernissos, esmalts i recobriments<\/strong>.<\/p>\n<p>[\/vc_column_text][vc_row_inner gap=&#8221;20&#8243;][vc_column_inner width=&#8221;1\/4&#8243;]\r\n\r\n\r\n\r\n<section class=\"wd-image-text style-2\">\r\n  <div class=\" \" >\r\n         <img decoding=\"async\" src=\"https:\/\/synthesar.com\/wp-content\/uploads\/2014\/08\/Synthesar_volante-1024x683.jpg\" alt=\"icon\"\/>\r\n\t  <a href=https:\/\/synthesar.com\/ca\/productes\/desemmotllants\/>\t    <h4 class=\"wd-title-element\">Desemmotllants<\/h4>\r\n\t  <\/a>    <p>\r\n      L\u00edders en la fabricaci\u00f3 de desemmotllants d'alta qualitat per a una \u00e0mplia gamma d'ind\u00fastries.    <\/p>\r\n  <\/div>\r\n<\/section>\r\n    [\/vc_column_inner][vc_column_inner width=&#8221;1\/4&#8243;]\r\n\r\n\r\n\r\n<section class=\"wd-image-text style-2\">\r\n  <div class=\" \" >\r\n         <img decoding=\"async\" src=\"https:\/\/synthesar.com\/wp-content\/uploads\/2024\/01\/Colorantes_pintura-botes-1024x683.png\" alt=\"icon\"\/>\r\n\t  <a href=https:\/\/synthesar.com\/ca\/productes\/colorants-vernissos\/>\t    <h4 class=\"wd-title-element\">Colorants i vernissos<\/h4>\r\n\t  <\/a>    <p>\r\n      Especialistes en la fabricaci\u00f3 d'una \u00e0mplia gamma de productes per a donar color i protecci\u00f3 a les teves creacions.    <\/p>\r\n  <\/div>\r\n<\/section>\r\n    [\/vc_column_inner][vc_column_inner width=&#8221;1\/4&#8243;]\r\n\r\n\r\n\r\n<section class=\"wd-image-text style-2\">\r\n  <div class=\" \" >\r\n         <img decoding=\"async\" src=\"https:\/\/synthesar.com\/wp-content\/uploads\/2024\/02\/Colorantes_resinas2-1024x683.png\" alt=\"icon\"\/>\r\n\t  <a href=https:\/\/synthesar.com\/ca\/productes\/resines\/>\t    <h4 class=\"wd-title-element\">Resines<\/h4>\r\n\t  <\/a>    <p>\r\n      Resines d'alta qualitat que compleixen amb els est\u00e0ndards m\u00e9s exigents de la ind\u00fastria.    <\/p>\r\n  <\/div>\r\n<\/section>\r\n    [\/vc_column_inner][vc_column_inner width=&#8221;1\/4&#8243;]\r\n\r\n\r\n\r\n<section class=\"wd-image-text style-2\">\r\n  <div class=\" \" >\r\n         <img decoding=\"async\" src=\"https:\/\/synthesar.com\/wp-content\/uploads\/2024\/01\/Synthesar_rueda-coche2-1024x683.png\" alt=\"icon\"\/>\r\n\t  <a href=https:\/\/synthesar.com\/ca\/productes\/additius\/>\t    <h4 class=\"wd-title-element\">Additius<\/h4>\r\n\t  <\/a>    <p>\r\n      Additius per a la fabricaci\u00f3 de resines de poliuret\u00e0.    <\/p>\r\n  <\/div>\r\n<\/section>\r\n    [\/vc_column_inner][\/vc_row_inner][\/vc_column][\/vc_row][vc_row full_width=&#8221;stretch_row&#8221; parallax=&#8221;yes&#8221; css=&#8221;.vc_custom_1705487335373{padding-top: 80px !important;padding-bottom: 80px !important;background-image: url(https:\/\/synthesar.com\/wp-content\/uploads\/2014\/08\/Synthesar_Medio-ambiente-1.jpg?id=2813) !important;background-position: center;background-repeat: no-repeat !important;background-size: cover !important;}&#8221;][vc_column width=&#8221;1\/2&#8243;][\/vc_column][vc_column width=&#8221;1\/2&#8243;][vc_column_text]<\/p>\n<h2 class=\"animated\" style=\"font-weight: 600; font-size: 44px; line-height: 44px; padding-bottom: 8px;\" data-animated=\"fadeInRight\"><span style=\"color: #ffffff;\">Synthesar, compromesos amb el medi ambient<\/span><\/h2>\n<p style=\"text-align: justify;\"><span style=\"color: #ffffff;\">La conservaci\u00f3 de la naturalesa per a la nostra generaci\u00f3 i per a les futures \u00e9s una cosa que en\u00a0Synthesar\u00a0tenim sempre present. Les nostres instal\u00b7lacions compleixen la normativa vigent sobre control i reducci\u00f3 de residus. La salut i la seguretat ambiental del nostre entorn, ve\u00efns i empleats \u00e9s la nostra responsabilitat, per aix\u00f2 col\u00b7laborem activament en la prevenci\u00f3 de possibles riscos ambientals.<\/span><\/p>\n<p style=\"text-align: justify;\"><span style=\"color: #ffffff;\">La salut i seguretat del nostre entorn \u00e9s la nostra responsabilitat.<\/span><\/p>\n<p>[\/vc_column_text][vc_btn title=&#8221;Qualitat&#8221; style=&#8221;outline-custom&#8221; outline_custom_color=&#8221;#ffffff&#8221; outline_custom_hover_background=&#8221;#106eaa&#8221; outline_custom_hover_text=&#8221;#ffffff&#8221; align=&#8221;left&#8221; link=&#8221;url:https%3A%2F%2Fsynthesar.com%2Fca%2Fqualitat-reach%2F|title:Calidad%2FREACh&#8221;][\/vc_column][\/vc_row][vc_row css=&#8221;.vc_custom_1704724622560{padding-top: 80px !important;padding-bottom: 50px !important;}&#8221;][vc_column css=&#8221;.vc_custom_1705487651149{margin-bottom: 40px !important;}&#8221;][vc_column_text css=&#8221;.vc_custom_1722325911460{margin-top: 0px !important;margin-right: 0px !important;margin-bottom: 0px !important;margin-left: 0px !important;}&#8221;]<\/p>\n<h2 class=\"animated\" style=\"text-align: center;\" data-animated=\"fadeInRight\">Treballem per a diferents ind\u00fastries i sectors<\/h2>\n<h3 class=\"animated\" style=\"text-align: center;\" data-animated=\"fadeInRight\">Descobreix tot el que\u00a0Synthesar\u00a0pot oferir-te<\/h3>\n<p>[\/vc_column_text][vc_row_inner css=&#8221;.vc_custom_1705487730041{margin-top: 70px !important;margin-bottom: 30px !important;}&#8221;][vc_column_inner width=&#8221;1\/4&#8243;][vc_single_image image=&#8221;2757&#8243; img_size=&#8221;full&#8221; alignment=&#8221;center&#8221;][vc_column_text]<\/p>\n<h4 style=\"text-align: center;\"><strong>Ind\u00fastria de l&#8217;autom\u00f2bil<\/strong><\/h4>\n<p style=\"text-align: center;\">Colorants l\u00edquids, desemmotllants, netejadors, catalitzadors, productes per a cautx\u00fas, agents antihidr\u00f2lisis&#8230;<\/p>\n<p>[\/vc_column_text][\/vc_column_inner][vc_column_inner width=&#8221;1\/4&#8243;][vc_single_image image=&#8221;2766&#8243; img_size=&#8221;full&#8221; alignment=&#8221;center&#8221;][vc_column_text]<\/p>\n<h4 style=\"text-align: center;\"><strong>Ind\u00fastria de la construcci\u00f3<\/strong><\/h4>\n<p style=\"text-align: center;\">Colorants l\u00edquids,\u00a0desencofrantes, netejadors, catalitzadors&#8230;<\/p>\n<p>[\/vc_column_text][\/vc_column_inner][vc_column_inner width=&#8221;1\/4&#8243;][vc_single_image image=&#8221;2768&#8243; img_size=&#8221;full&#8221; alignment=&#8221;center&#8221;][vc_column_text]<\/p>\n<h4 style=\"text-align: center;\"><strong>Ind\u00fastria del cal\u00e7at<\/strong><\/h4>\n<p style=\"text-align: center;\">Colorants l\u00edquids, netejadors, desemmotllants, catalitzadors, productes per a cautx\u00fas&#8230;<\/p>\n<p>[\/vc_column_text][\/vc_column_inner][vc_column_inner width=&#8221;1\/4&#8243;][vc_single_image image=&#8221;2767&#8243; img_size=&#8221;full&#8221; alignment=&#8221;center&#8221;][vc_column_text]<\/p>\n<h4 style=\"text-align: center;\"><strong>Ind\u00fastria del vidre<\/strong><\/h4>\n<p style=\"text-align: center;\">Olis lubrificants i refrigerants per a fulles de tall, netejadors i greixos desemmotllants&#8230;<\/p>\n<p>[\/vc_column_text][\/vc_column_inner][\/vc_row_inner][vc_row_inner][vc_column_inner][vc_btn title=&#8221;Descobreix totes les aplicacions&#8221; style=&#8221;outline-custom&#8221; outline_custom_color=&#8221;#106eaa&#8221; outline_custom_hover_background=&#8221;#000000&#8243; outline_custom_hover_text=&#8221;#ffffff&#8221; align=&#8221;center&#8221; link=&#8221;url:https%3A%2F%2Fsynthesar.com%2Fca%2Findustries-sectors%2F|title:Calidad%2FREACh&#8221;][\/vc_column_inner][\/vc_row_inner][\/vc_column][\/vc_row][vc_row full_width=&#8221;stretch_row&#8221; type=&#8221;grid&#8221; css=&#8221;.vc_custom_1704724709251{padding-top: 80px !important;padding-bottom: 70px !important;background-image: url(http:\/\/themes.webdevia.com\/factory\/wp-content\/uploads\/2016\/05\/table-bg.jpg?id=2305) !important;background-position: center !important;background-repeat: no-repeat !important;background-size: cover !important;}&#8221;][vc_column width=&#8221;2\/3&#8243;][vc_column_text css=&#8221;.vc_custom_1722326074510{margin-top: 0px !important;margin-right: 0px !important;margin-bottom: 0px !important;margin-left: 0px !important;}&#8221;]<\/p>\n<h2 style=\"text-align: left;\"><strong>La nostra prioritat, la satisfacci\u00f3 del client\u00a0<\/strong><\/h2>\n<p>[\/vc_column_text][vc_column_text css=&#8221;.vc_custom_1722326087637{margin-top: 30px !important;}&#8221;]<\/p>\n<p style=\"text-align: justify;\">Per a qualsevol tipus de pregunta o consulta pot contactar amb nosaltres:<\/p>\n<p>[\/vc_column_text][\/vc_column][vc_column width=&#8221;1\/3&#8243;][vc_btn title=&#8221;Contacta amb nosaltres&#8221; style=&#8221;outline-custom&#8221; outline_custom_color=&#8221;#ffffff&#8221; outline_custom_hover_background=&#8221;#1e73be&#8221; outline_custom_hover_text=&#8221;#ffffff&#8221; size=&#8221;lg&#8221; align=&#8221;center&#8221; link=&#8221;url:https%3A%2F%2Fsynthesar.com%2Fca%2Fcontacte%2F|title:Calidad%2FREACh&#8221; css=&#8221;.vc_custom_1722326123421{padding-top: 20px !important;}&#8221;][\/vc_column][\/vc_row]<\/p>\n<\/div>","protected":false},"excerpt":{"rendered":"<p>[vc_row css=&#8221;.vc_custom_1704721969199{padding-top: 50px !important;padding-bottom: 50px !important;}&#8221;][vc_column][vc_column_text css=&#8221;.vc_custom_1722325545588{margin-top: 0px !important;margin-right: 0px !important;margin-bottom: 0px !important;margin-left: 0px !important;}&#8221;] Descobreix els nostres productes [\/vc_column_text][vc_column_text css=&#8221;.vc_custom_1722325616432{margin-top: 30px !important;}&#8221;] En Synthesar comercialitzem i distribu\u00efm productes qu\u00edmics a Espanya, Portugal i altres pa\u00efsos. Prove\u00efm productes com ara desemmotllants, colorants per a poliuretans, vernissos UV, resines fen\u00f2liques entre altres. A m\u00e9s disposem de [&hellip;]<\/p>\n","protected":false},"author":1,"featured_media":0,"parent":0,"menu_order":0,"comment_status":"closed","ping_status":"closed","template":"","meta":{"footnotes":""},"class_list":["post-3262","page","type-page","status-publish","hentry"],"aioseo_notices":[],"_links":{"self":[{"href":"https:\/\/synthesar.com\/ca\/wp-json\/wp\/v2\/pages\/3262","targetHints":{"allow":["GET"]}}],"collection":[{"href":"https:\/\/synthesar.com\/ca\/wp-json\/wp\/v2\/pages"}],"about":[{"href":"https:\/\/synthesar.com\/ca\/wp-json\/wp\/v2\/types\/page"}],"author":[{"embeddable":true,"href":"https:\/\/synthesar.com\/ca\/wp-json\/wp\/v2\/users\/1"}],"replies":[{"embeddable":true,"href":"https:\/\/synthesar.com\/ca\/wp-json\/wp\/v2\/comments?post=3262"}],"version-history":[{"count":7,"href":"https:\/\/synthesar.com\/ca\/wp-json\/wp\/v2\/pages\/3262\/revisions"}],"predecessor-version":[{"id":3348,"href":"https:\/\/synthesar.com\/ca\/wp-json\/wp\/v2\/pages\/3262\/revisions\/3348"}],"wp:attachment":[{"href":"https:\/\/synthesar.com\/ca\/wp-json\/wp\/v2\/media?parent=3262"}],"curies":[{"name":"wp","href":"https:\/\/api.w.org\/{rel}","templated":true}]}}