{"id":3258,"date":"2024-01-08T12:54:35","date_gmt":"2024-01-08T11:54:35","guid":{"rendered":"https:\/\/synthesar.com\/inicio\/"},"modified":"2024-07-30T09:16:16","modified_gmt":"2024-07-30T07:16:16","slug":"inicio","status":"publish","type":"page","link":"https:\/\/synthesar.com\/ca\/","title":{"rendered":"Inici"},"content":{"rendered":"<div class=\"wpb-content-wrapper\"><p>[vc_row full_width=&#8221;stretch_row_content_no_spaces&#8221;][vc_column][rev_slider_vc alias=&#8221;slider_cast-1&#8243;][\/vc_column][\/vc_row][vc_row type=&#8221;grid&#8221; css=&#8221;.vc_custom_1447931593159{margin-top: 80px !important;margin-bottom: 40px !important;}&#8221; el_class=&#8221;animation-parent&#8221;][vc_column el_class=&#8221;wd-section-title-black&#8221;][vc_column_text]<\/p>\n<h2 class=\"animated\" style=\"text-align: center;\" data-animated=\"fadeInRight\">Descobreix els nostres productes<\/h2>\n<h3 class=\"animated\" style=\"text-align: center;\" data-animated=\"fadeInRight\">Especialitats qu\u00edmiques industrials<\/h3>\n<p>[\/vc_column_text][\/vc_column][\/vc_row][vc_row css=&#8221;.vc_custom_1704802748221{padding-bottom: 60px !important;}&#8221;][vc_column width=&#8221;1\/4&#8243; css=&#8221;.vc_custom_1704798786461{padding-right: 10px !important;padding-left: 10px !important;}&#8221;]\r\n\r\n\r\n\r\n<section class=\"wd-image-text style-2\">\r\n  <div class=\" \" >\r\n         <img decoding=\"async\" src=\"https:\/\/synthesar.com\/wp-content\/uploads\/2014\/08\/Synthesar_volante-1024x683.jpg\" alt=\"icon\"\/>\r\n\t  <a href=https:\/\/synthesar.com\/productos\/desmoldeantes\/>\t    <h4 class=\"wd-title-element\">Desemmotllants<\/h4>\r\n\t  <\/a>    <p>\r\n      L\u00edders en la fabricaci\u00f3 de desemmotllants d'alta qualitat per a una \u00e0mplia gamma d'ind\u00fastries.    <\/p>\r\n  <\/div>\r\n<\/section>\r\n    [\/vc_column][vc_column width=&#8221;1\/4&#8243; css=&#8221;.vc_custom_1704798802169{padding-right: 10px !important;padding-left: 10px !important;}&#8221;]\r\n\r\n\r\n\r\n<section class=\"wd-image-text style-2\">\r\n  <div class=\" \" >\r\n         <img decoding=\"async\" src=\"https:\/\/synthesar.com\/wp-content\/uploads\/2024\/01\/Colorantes_pintura-botes-1024x683.png\" alt=\"icon\"\/>\r\n\t  <a href=https:\/\/synthesar.com\/productos\/colorantes-barnices\/>\t    <h4 class=\"wd-title-element\">Colorants i vernissos<\/h4>\r\n\t  <\/a>    <p>\r\n      Especialistes en la fabricaci\u00f3 d'una \u00e0mplia gamma de productes per a donar color i protecci\u00f3 a les teves creacions.    <\/p>\r\n  <\/div>\r\n<\/section>\r\n    [\/vc_column][vc_column width=&#8221;1\/4&#8243; css=&#8221;.vc_custom_1704798807553{padding-right: 10px !important;padding-left: 10px !important;}&#8221;]\r\n\r\n\r\n\r\n<section class=\"wd-image-text style-2\">\r\n  <div class=\" \" >\r\n         <img decoding=\"async\" src=\"https:\/\/synthesar.com\/wp-content\/uploads\/2024\/02\/Colorantes_resinas2-1024x683.png\" alt=\"icon\"\/>\r\n\t  <a href=https:\/\/synthesar.com\/productos\/resinas\/>\t    <h4 class=\"wd-title-element\">Resines<\/h4>\r\n\t  <\/a>    <p>\r\n      Resines d'alta qualitat que compleixen amb els est\u00e0ndards m\u00e9s exigents de la ind\u00fastria.    <\/p>\r\n  <\/div>\r\n<\/section>\r\n    [\/vc_column][vc_column width=&#8221;1\/4&#8243; css=&#8221;.vc_custom_1704798813447{padding-right: 10px !important;padding-left: 10px !important;}&#8221;]\r\n\r\n\r\n\r\n<section class=\"wd-image-text style-2\">\r\n  <div class=\" \" >\r\n         <img decoding=\"async\" src=\"https:\/\/synthesar.com\/wp-content\/uploads\/2024\/01\/Synthesar_rueda-coche2-1024x683.png\" alt=\"icon\"\/>\r\n\t  <a href=https:\/\/synthesar.com\/productos\/aditivos\/>\t    <h4 class=\"wd-title-element\">Additius<\/h4>\r\n\t  <\/a>    <p>\r\n      Additius per a la fabricaci\u00f3 de resines de poliuret\u00e0.    <\/p>\r\n  <\/div>\r\n<\/section>\r\n    [\/vc_column][\/vc_row][vc_row full_width=&#8221;stretch_row&#8221; parallax=&#8221;yes&#8221; css=&#8221;.vc_custom_1705482996672{padding-top: 170px !important;padding-bottom: 130px !important;background-image: url(https:\/\/synthesar.com\/wp-content\/uploads\/2014\/08\/Synthesar_Aut.jpg?id=2781) !important;background-position: center;background-repeat: no-repeat !important;background-size: cover !important;}&#8221; font_color=&#8221;#ffffff&#8221; el_class=&#8221;animation-parent&#8221;][vc_column width=&#8221;1\/2&#8243;][\/vc_column][vc_column width=&#8221;1\/2&#8243; el_class=&#8221;wd-section-title-with&#8221; css=&#8221;.vc_custom_1462296486743{padding-right: 10px !important;padding-left: 10px !important;}&#8221;][vc_column_text]<\/p>\n<h2 class=\"animated\" style=\"font-weight: 600; font-size: 44px; line-height: 44px; padding-bottom: 8px;\" data-animated=\"fadeInRight\">Synthesar: sempre en constant evoluci\u00f3<\/h2>\n<div class=\"animated\" style=\"text-align: justify;\" data-animated=\"fadeInRight\"><span class=\"TextRun SCXW57013009 BCX0\" lang=\"ES-ES\" xml:lang=\"ES-ES\" data-contrast=\"none\"><span class=\"NormalTextRun SCXW57013009 BCX0\">En\u00a0<\/span><span class=\"NormalTextRun SCXW57013009 BCX0\"><strong>SYNTHESAR, S.A<\/strong>.<\/span><\/span><span class=\"TextRun SCXW57013009 BCX0\" lang=\"ES-ES\" xml:lang=\"ES-ES\" data-contrast=\"none\"> ens comprometem a\u00a0donar el millor servei possible als nostres clients mitjan\u00e7ant inversi\u00f3 en R+D i noves tecnologies. El nostre objectiu \u00e9s el\u00a0d&#8217;oferir uns productes de m\u00e0xima qualitat\u00a0exigits pel mercat,\u00a0junt\u00a0a\u00a0una resposta immediata a les necessitats dels clients.<\/span><\/div>\n<p>[\/vc_column_text][vc_btn title=&#8221;Coneix-nos&#8221; style=&#8221;outline-custom&#8221; outline_custom_color=&#8221;#ffffff&#8221; outline_custom_hover_background=&#8221;#106eaa&#8221; outline_custom_hover_text=&#8221;#ffffff&#8221; align=&#8221;left&#8221; link=&#8221;url:https%3A%2F%2Fsynthesar.com%2Fca%2Fnosaltres%2F|title:Industrias%20y%20sectores&#8221;][\/vc_column][\/vc_row][vc_row type=&#8221;grid&#8221; css=&#8221;.vc_custom_1704802706799{margin-top: 80px !important;margin-bottom: 40px !important;}&#8221; el_class=&#8221;animation-parent&#8221;][vc_column el_class=&#8221;wd-section-title-black&#8221;][vc_column_text]<\/p>\n<h2 class=\"animated\" style=\"text-align: center;\" data-animated=\"fadeInRight\">Treballem per a diferents ind\u00fastries i sectors<\/h2>\n<h3 class=\"animated\" style=\"text-align: center;\" data-animated=\"fadeInRight\">Descobreix tot el que Synthesar pot oferir-te<\/h3>\n<p>[\/vc_column_text][\/vc_column][\/vc_row][vc_row type=&#8221;grid&#8221; el_class=&#8221;animation-parent&#8221; css=&#8221;.vc_custom_1469459851459{padding-bottom: 30px !important;}&#8221;][vc_column width=&#8221;1\/4&#8243; css=&#8221;.vc_custom_1462363427372{padding-top: 20px !important;padding-right: 10px !important;padding-left: 10px !important;}&#8221;][vc_single_image image=&#8221;2757&#8243; img_size=&#8221;full&#8221; alignment=&#8221;center&#8221;][vc_column_text]<\/p>\n<h4 style=\"text-align: center;\"><strong>Ind\u00fastria de l&#8217;autom\u00f2bil<\/strong><\/h4>\n<p style=\"text-align: center;\">Colorants l\u00edquids, desemmotllants, netejadors, catalitzadors, productes per a cautx\u00fas, agents antihidr\u00f2lisis&#8230;<\/p>\n<p>[\/vc_column_text][\/vc_column][vc_column width=&#8221;1\/4&#8243; css=&#8221;.vc_custom_1462363421055{padding-top: 20px !important;padding-right: 10px !important;padding-left: 10px !important;}&#8221;][vc_single_image image=&#8221;2766&#8243; img_size=&#8221;full&#8221; alignment=&#8221;center&#8221;][vc_column_text]<\/p>\n<h4 style=\"text-align: center;\"><strong>Industria de la construcci\u00f3<\/strong><\/h4>\n<p style=\"text-align: center;\">Colorants l\u00edquids, desemmotllants, netejadors, catalitzadors, productes per a cautx\u00fas, cautx\u00fas de silicona&#8230;<\/p>\n<p>[\/vc_column_text][\/vc_column][vc_column width=&#8221;1\/4&#8243; css=&#8221;.vc_custom_1705477752665{padding-top: 20px !important;padding-right: 10px !important;padding-left: 10px !important;background-position: center !important;background-repeat: no-repeat !important;background-size: cover !important;}&#8221;][vc_single_image image=&#8221;2768&#8243; img_size=&#8221;full&#8221; alignment=&#8221;center&#8221;][vc_column_text]<\/p>\n<h4 style=\"text-align: center;\"><strong>Industria del cal\u00e7at<\/strong><\/h4>\n<p style=\"text-align: center;\">Colorants l\u00edquids, netejadors, desemmotllants, catalitzadors, productes per a cautx\u00fas&#8230;<\/p>\n<p>[\/vc_column_text][\/vc_column][vc_column width=&#8221;1\/4&#8243; css=&#8221;.vc_custom_1705477761200{padding-top: 20px !important;padding-right: 10px !important;padding-left: 10px !important;}&#8221;][vc_single_image image=&#8221;2767&#8243; img_size=&#8221;full&#8221; alignment=&#8221;center&#8221;][vc_column_text]<\/p>\n<h4 style=\"text-align: center;\"><strong>Ind\u00fastria del vidre<\/strong><\/h4>\n<p style=\"text-align: center;\">Olis lubrificants i refrigerants per a fulles de tall, netejadors i protectors contra corrosi\u00f3&#8230;<\/p>\n<p>[\/vc_column_text][\/vc_column][\/vc_row][vc_row][vc_column css=&#8221;.vc_custom_1705481855831{margin-bottom: 40px !important;}&#8221;][vc_btn title=&#8221;Descubreix totes les aplicacions&#8221; style=&#8221;outline-custom&#8221; outline_custom_color=&#8221;#106eaa&#8221; outline_custom_hover_background=&#8221;#000000&#8243; outline_custom_hover_text=&#8221;#ffffff&#8221; align=&#8221;center&#8221; link=&#8221;url:https%3A%2F%2Fsynthesar.com%2Fca%2Findustries-sectors%2F|title:Industrias%20y%20sectores&#8221;][\/vc_column][\/vc_row]<\/p>\n<\/div>","protected":false},"excerpt":{"rendered":"<p>[vc_row full_width=&#8221;stretch_row_content_no_spaces&#8221;][vc_column][rev_slider_vc alias=&#8221;slider_cast-1&#8243;][\/vc_column][\/vc_row][vc_row type=&#8221;grid&#8221; css=&#8221;.vc_custom_1447931593159{margin-top: 80px !important;margin-bottom: 40px !important;}&#8221; el_class=&#8221;animation-parent&#8221;][vc_column el_class=&#8221;wd-section-title-black&#8221;][vc_column_text] Descobreix els nostres productes Especialitats qu\u00edmiques industrials [\/vc_column_text][\/vc_column][\/vc_row][vc_row css=&#8221;.vc_custom_1704802748221{padding-bottom: 60px !important;}&#8221;][vc_column width=&#8221;1\/4&#8243; css=&#8221;.vc_custom_1704798786461{padding-right: 10px !important;padding-left: 10px !important;}&#8221;][\/vc_column][vc_column width=&#8221;1\/4&#8243; css=&#8221;.vc_custom_1704798802169{padding-right: 10px !important;padding-left: 10px !important;}&#8221;][\/vc_column][vc_column width=&#8221;1\/4&#8243; css=&#8221;.vc_custom_1704798807553{padding-right: 10px !important;padding-left: 10px !important;}&#8221;][\/vc_column][vc_column width=&#8221;1\/4&#8243; css=&#8221;.vc_custom_1704798813447{padding-right: 10px !important;padding-left: 10px !important;}&#8221;][\/vc_column][\/vc_row][vc_row full_width=&#8221;stretch_row&#8221; parallax=&#8221;yes&#8221; css=&#8221;.vc_custom_1705482996672{padding-top: 170px !important;padding-bottom: 130px !important;background-image: url(https:\/\/synthesar.com\/wp-content\/uploads\/2014\/08\/Synthesar_Aut.jpg?id=2781) !important;background-position: [&hellip;]<\/p>\n","protected":false},"author":1,"featured_media":0,"parent":0,"menu_order":0,"comment_status":"closed","ping_status":"closed","template":"","meta":{"footnotes":""},"class_list":["post-3258","page","type-page","status-publish","hentry"],"aioseo_notices":[],"_links":{"self":[{"href":"https:\/\/synthesar.com\/ca\/wp-json\/wp\/v2\/pages\/3258","targetHints":{"allow":["GET"]}}],"collection":[{"href":"https:\/\/synthesar.com\/ca\/wp-json\/wp\/v2\/pages"}],"about":[{"href":"https:\/\/synthesar.com\/ca\/wp-json\/wp\/v2\/types\/page"}],"author":[{"embeddable":true,"href":"https:\/\/synthesar.com\/ca\/wp-json\/wp\/v2\/users\/1"}],"replies":[{"embeddable":true,"href":"https:\/\/synthesar.com\/ca\/wp-json\/wp\/v2\/comments?post=3258"}],"version-history":[{"count":6,"href":"https:\/\/synthesar.com\/ca\/wp-json\/wp\/v2\/pages\/3258\/revisions"}],"predecessor-version":[{"id":3339,"href":"https:\/\/synthesar.com\/ca\/wp-json\/wp\/v2\/pages\/3258\/revisions\/3339"}],"wp:attachment":[{"href":"https:\/\/synthesar.com\/ca\/wp-json\/wp\/v2\/media?parent=3258"}],"curies":[{"name":"wp","href":"https:\/\/api.w.org\/{rel}","templated":true}]}}